{"id":8081,"date":"2018-10-22T13:49:29","date_gmt":"2018-10-22T13:49:29","guid":{"rendered":"https:\/\/handrigan.wpengine.com\/notre-approche\/"},"modified":"2021-06-23T20:43:50","modified_gmt":"2021-06-23T20:43:50","slug":"approche","status":"publish","type":"page","link":"https:\/\/handrig.com\/fr\/approche\/","title":{"rendered":"Notre approche"},"content":{"rendered":"<section class=\"wpb-content-wrapper\"><p>[vc_row full_width=&#8221;stretch_row&#8221; css=&#8221;.vc_custom_1591142673150{padding-top: 80px !important;padding-bottom: 100px !important;}&#8221;][vc_column css=&#8221;.vc_custom_1541586968176{padding-right: 40px !important;}&#8221; offset=&#8221;vc_col-lg-6&#8243;][vc_row_inner][vc_column_inner css=&#8221;.vc_custom_1541586958015{padding-right: 0px !important;padding-left: 0px !important;}&#8221;]<header class=\"kd-section-title col-lg-12 text-right  kd-animated fadeIn  \" data-animation-delay=200><h2 class=\"separator_off\" >\u00c0 quand remonte la derni\u00e8re fois o\u00f9 vous avez <em>vraiment<\/em> analys\u00e9 votre entreprise?<\/h2><\/header>[\/vc_column_inner][\/vc_row_inner][\/vc_column][vc_column css=&#8221;.vc_custom_1541586975592{padding-left: 40px !important;}&#8221; offset=&#8221;vc_col-lg-6&#8243;][vc_custom_heading text=&#8221;Le taux de r\u00e9ussite pour atteindre votre r\u00e9sultat esp\u00e9r\u00e9 augmente seulement lorsque vous disposez des informations n\u00e9cessaires pour prendre une d\u00e9cision \u00e9clair\u00e9e.<\/p>\n<p>Les entreprises n\u2019\u00e9chouent pas parce que les propri\u00e9taires et les \u00e9quipes ne travaillent pas avec ardeur; elles \u00e9chouent parce que ces derniers ont n\u00e9glig\u00e9 de se pencher r\u00e9ellement sur leur plan d\u2019affaires, en continuant de fonctionner comme ils l\u2019ont toujours fait.<\/p>\n<p>Vous vous reconnaissez?&#8221; font_container=&#8221;tag:p|font_size:18|text_align:left|line_height:1.6&#8243; use_theme_fonts=&#8221;yes&#8221; css_animation=&#8221;fadeIn&#8221; css=&#8221;.vc_custom_1596221320901{margin-top: 5px !important;}&#8221;][\/vc_column][\/vc_row][vc_row full_width=&#8221;stretch_row&#8221; css=&#8221;.vc_custom_1591144055487{padding-top: 100px !important;padding-bottom: 200px !important;background-color: #f5f5f5 !important;}&#8221;][vc_column width=&#8221;1\/2&#8243; css=&#8221;.vc_custom_1522317894944{padding-top: 0px !important;}&#8221; offset=&#8221;vc_col-lg-6 vc_col-md-12&#8243;][vc_row_inner css=&#8221;.vc_custom_1591143059782{padding-top: 200px !important;padding-bottom: 100px !important;background-image: url(https:\/\/handrigan.wpengine.com\/wp-content\/uploads\/2020\/06\/john-rodenn-castillo-eluzJSfkNCk-unsplash-scaled.jpg?id=7700) !important;background-position: center !important;background-repeat: no-repeat !important;background-size: contain !important;}&#8221;][vc_column_inner css=&#8221;.vc_custom_1511789291663{padding-top: 0px !important;padding-bottom: 0px !important;}&#8221;][vc_empty_space height=&#8221;300px&#8221;][\/vc_column_inner][\/vc_row_inner][\/vc_column][vc_column width=&#8221;1\/2&#8243; offset=&#8221;vc_col-lg-6 vc_col-md-12&#8243;][vc_row_inner css=&#8221;.vc_custom_1591142949272{padding-bottom: 30px !important;}&#8221;][vc_column_inner offset=&#8221;vc_hidden-md vc_hidden-sm vc_hidden-xs&#8221;]<header class=\"kd-section-title col-lg-12 text-left  kd-animated fadeIn   vc_custom_1596221342155\" data-animation-delay=200><h2 class=\"separator_off\" >Conseiller \u00e0 partir d\u2019une relation de confiance<\/h2><h6 class=\"subtitle \" >Chez Handrigan et Associ\u00e9s, notre approche est bas\u00e9e \u00e0 100 % sur une relation de confiance et un partenariat \u00e0 long terme.<\/p>\n<p>Ensemble, nous d\u00e9terminons les \u00e9l\u00e9ments de votre entreprise qui vous tiennent le plus \u00e0 c\u0153ur. Nous cr\u00e9ons ensuite un tableau de bord unique, indiquant les d\u00e9lais et les r\u00e9sultats attendus, et ce, en fonction de vos besoins professionnels et personnels. Notre vaste r\u00e9seau nous permet de jumeler les meilleures ressources avec chaque client , assurant ainsi un parcours fructueux.<\/p>\n<p>L\u2019approche de H&amp;A est con\u00e7ue pour \u00eatre objective et simple. Chacun des services est adapt\u00e9 \u00e0 votre entreprise, \u00e0 votre \u00e9quipe et \u00e0 vos objectifs.<\/p>\n<p>Une fois la relation \u00e9tablie et vos objectifs principaux d\u00e9termin\u00e9s, nous utilisons notre vaste r\u00e9seau, nos outils professionnels et notre point de vue unique pour \u00e9laborer, livrer et ex\u00e9cuter votre transformation op\u00e9rationnelle.<\/h6><\/header>[\/vc_column_inner][\/vc_row_inner][\/vc_column][\/vc_row][vc_row full_width=&#8221;stretch_row&#8221; css=&#8221;.vc_custom_1591144627005{margin-top: -80px !important;padding-top: 80px !important;padding-bottom: 70px !important;background-color: #ffffff !important;}&#8221;][vc_column][vc_row_inner css=&#8221;.vc_custom_1539608429392{padding-top: 40px !important;}&#8221;][vc_column_inner]<header class=\"kd-section-title col-lg-12 text-center  kd-animated fadeIn   vc_custom_1591144597125\" data-animation-delay=200><h2 class=\"separator_off\" >L\u2019approche H&amp;A<\/h2><\/header>\r\n            <div class=\"kd-process-steps process_three_elem process-checkbox-template \">\r\n                <ul>\r\n                <li class=\"pss-item kd-animated fadeIn \" style=\"background-color: #ffffff;\" >\r\n                    <div class=\"pss-container\"><div class=\"pss-step-number\"><span >1<\/span><\/div><div class=\"pss-text-area\">\r\n                            <h5 >Diagnostic H&amp;A<\/h5>\r\n                            <p >aide les entrepreneurs \u00e0 aligner tous les aspects de leurs objectifs entrepreneuriaux et personnels afin de d\u00e9terminer la meilleure voie \u00e0 suivre.<\/p><\/div>\r\n                    <\/div>\r\n                <\/li>\r\n                <li class=\"pss-item kd-animated fadeIn \"  data-animation-delay=200>\r\n                    <div class=\"pss-container\"><div class=\"pss-step-number\"><span >2<\/span><\/div><div class=\"pss-text-area\">\r\n                            <h5 >Planification H&amp;A<\/h5>\r\n                            <p >int\u00e8gre les objectifs entrepreneuriaux et personnels pour \u00e9tablir un plan d\u2019ex\u00e9cution complet.<\/p><\/div>\r\n                    <\/div>\r\n                <\/li>\r\n                <li class=\"pss-item kd-animated fadeIn \"  data-animation-delay=400>\r\n                    <div class=\"pss-container\"><div class=\"pss-step-number\"><span >3<\/span><\/div><div class=\"pss-text-area\">\r\n                            <h5 >Consultation H&amp;A<\/h5>\r\n                            <p >accompagne les entrepreneurs dans l\u2019ex\u00e9cution strat\u00e9gique de leur plan personnalis\u00e9.<\/p><\/div>\r\n                    <\/div>\r\n                <\/li><\/ul>\r\n            <\/div>[\/vc_column_inner][\/vc_row_inner][\/vc_column][\/vc_row][vc_row][vc_column]<div class=\"feature-sections-wrapper kd-fsp-69f1c7c5107a0 \">\r\n            <section class=\"feature-sections-tabs  with-fixed-menu\">\r\n              <nav class=\"kd-feature-tabs\">\r\n                <ul class=\"nav nav-tabs sticky-tabs container\">\r\n                <\/ul>\r\n              <\/nav>\r\n            <\/section>\r\n            <section id=\"kd-fss-69f1c7c510865\" class=\"featured-right \"><li class=\"nav-label\"><a class=\"feature-tabs-scroll\" href=\"#kd-fss-69f1c7c510865\"><i class=\" fss-nav-icon\" style=\" \"><\/i> 1. Diagnostic H&amp;A<\/a><\/li><div class=\"container\">\r\n                <div class=\"side-content-wrapper \" ><i class=\" section-icon\" style=\" \"><\/i> <h2 class=\"side-content-title\" >Diagnostic H&amp;A<\/h2><h6 class=\"side-content-subtitle\" >Cet outil est utile si vous avez une compr\u00e9hension approximative du processus et si vous avez besoin d\u2019aide pour cerner les points probl\u00e9matiques et ce qui est le plus important avant la phase de planification.<\/h6><div class=\"side-content-text\" ><\/p>\n<ul>\n<li>Diagnostic H&amp;A d\u00e9terminera l\u2019\u00e9tape actuelle du cycle de vie de votre entreprise, la capacit\u00e9 de l\u2019\u00e9quipe actuelle, vos obligations professionnelles et personnelles, ainsi que vos objectifs id\u00e9aux.<\/li>\n<li>Toutes les donn\u00e9es d\u00e9couvertes et utilis\u00e9es aideront \u00e0 concevoir des solutions possibles pour r\u00e9soudre les probl\u00e8mes de croissance.<\/li>\n<\/ul>\n<p>\n<\/div><div class=\"side-content-link sc-primary-btn\"><a href=\"https:\/\/calendly.com\/handrigan\/call\" target=\"_self\" title=\"Discutons\" class=\"tt_button tt_primary_button btn_primary_color button-action-link\">Discutons<\/a><\/div><\/div><div class=\"side-featured-wrapper fss-organic-1  fss-shadow-image\" >\r\n      <div class=\"featured-image\"><a data-size=\"700x700\" href=https:\/\/handrig.com\/wp-content\/uploads\/2021\/06\/workspace12.jpeg><img loading=\"lazy\" decoding=\"async\" width=\"700\" height=\"700\" src=\"https:\/\/handrig.com\/wp-content\/uploads\/2021\/06\/workspace12.jpeg\" class=\"attachment-full\" alt=\"\" title=\"workspace12\" srcset=\"https:\/\/handrigan.wpenginepowered.com\/wp-content\/uploads\/2021\/06\/workspace12.jpeg 700w, https:\/\/handrigan.wpenginepowered.com\/wp-content\/uploads\/2021\/06\/workspace12-300x300.jpeg 300w, https:\/\/handrigan.wpenginepowered.com\/wp-content\/uploads\/2021\/06\/workspace12-150x150.jpeg 150w, https:\/\/handrigan.wpenginepowered.com\/wp-content\/uploads\/2021\/06\/workspace12-320x320.jpeg 320w\" sizes=\"auto, (max-width: 700px) 100vw, 700px\" \/><\/a><\/div>\r\n    <\/div><\/div>\r\n            <\/section><section id=\"kd-fss-69f1c7c5116ba\" class=\"featured-left \"><li class=\"nav-label\"><a class=\"feature-tabs-scroll\" href=\"#kd-fss-69f1c7c5116ba\"><i class=\"iconsmind-Arrow-Inside45 fss-nav-icon\" style=\" \"><\/i> 2. Planification H&amp;A<\/a><\/li><div class=\"container\">\r\n                <div class=\"side-content-wrapper \" ><i class=\" section-icon\" style=\" \"><\/i> <h2 class=\"side-content-title\" >Planification H&amp;A<\/h2><h6 class=\"side-content-subtitle\" >Cet outil est utile si vous avez d\u00e9cid\u00e9 de transformer votre entreprise et si vous avez besoin d\u2019aide en plus d\u2019une strat\u00e9gie d\u00e9taill\u00e9e pour traverser les changements et les transitions de l\u2019entreprise.<\/h6><div class=\"side-content-text\" ><\/p>\n<ul>\n<li>Planification H&amp;A est un service unique, qui va au-del\u00e0 du service de conseil traditionnel pour int\u00e9grer toutes les prochaines \u00e9tapes, y compris l\u2019estimation des co\u00fbts et un calendrier approximatif.<\/li>\n<li>Nous n\u2019utilisons jamais de mod\u00e8les pr\u00e9\u00e9tablis; Planification H&amp;A aborde plut\u00f4t les sujets cern\u00e9s gr\u00e2ce \u00e0 la relation d\u00e9j\u00e0 \u00e9tablie.<\/li>\n<\/ul>\n<p>\n<\/div><div class=\"side-content-link sc-primary-btn\"><a href=\"https:\/\/calendly.com\/handrigan\/call\" target=\"_self\" title=\"Discutons\" class=\"tt_button tt_primary_button btn_primary_color button-action-link\">Discutons<\/a><\/div><\/div><div class=\"side-featured-wrapper fss-organic-1  fss-shadow-image\" >\r\n      <div class=\"featured-image\"><a data-size=\"700x700\" href=https:\/\/handrig.com\/wp-content\/uploads\/2021\/06\/workspace13.jpeg><img loading=\"lazy\" decoding=\"async\" width=\"700\" height=\"700\" src=\"https:\/\/handrig.com\/wp-content\/uploads\/2021\/06\/workspace13.jpeg\" class=\"attachment-full\" alt=\"\" title=\"workspace13\" srcset=\"https:\/\/handrigan.wpenginepowered.com\/wp-content\/uploads\/2021\/06\/workspace13.jpeg 700w, https:\/\/handrigan.wpenginepowered.com\/wp-content\/uploads\/2021\/06\/workspace13-300x300.jpeg 300w, https:\/\/handrigan.wpenginepowered.com\/wp-content\/uploads\/2021\/06\/workspace13-150x150.jpeg 150w, https:\/\/handrigan.wpenginepowered.com\/wp-content\/uploads\/2021\/06\/workspace13-320x320.jpeg 320w\" sizes=\"auto, (max-width: 700px) 100vw, 700px\" \/><\/a><\/div>\r\n    <\/div><\/div>\r\n            <\/section><section id=\"kd-fss-69f1c7c51204e\" class=\"featured-right \"><li class=\"nav-label\"><a class=\"feature-tabs-scroll\" href=\"#kd-fss-69f1c7c51204e\"><i class=\"iconsmind-Archery-2 fss-nav-icon\" style=\" \"><\/i> 2. Consultation H&amp;A<\/a><\/li><div class=\"container\">\r\n                <div class=\"side-content-wrapper \" ><i class=\" section-icon\" style=\" \"><\/i> <h2 class=\"side-content-title\" >Consultation H&amp;A<\/h2><h6 class=\"side-content-subtitle\" >Cet outil est utile si vous avez besoin d\u2019une \u00e9quipe polyvalente de professionnels qui peuvent vous accompagner dans toutes les \u00e9tapes relatives \u00e0 la croissance ou la transition de votre entreprise.<\/h6><div class=\"side-content-text\" ><\/p>\n<ul>\n<li>Consultation H&amp;A est un service personnalis\u00e9 fourni par notre cabinet.<\/li>\n<li>Nous pouvons agir en tant que n\u00e9gociateurs impliqu\u00e9s dans les interventions de premi\u00e8re ligne d\u2019une transformation, ou nous pouvons jouer un r\u00f4le en coulisses pour vous aider \u00e0 traverser la situation avec pr\u00e9caution.<\/li>\n<\/ul>\n<p>\n<\/div><div class=\"side-content-link sc-primary-btn\"><a href=\"https:\/\/calendly.com\/handrigan\/call\" target=\"_self\" title=\"Discutons\" class=\"tt_button tt_primary_button btn_primary_color button-action-link\">Discutons<\/a><\/div><\/div><div class=\"side-featured-wrapper fss-organic-1  fss-shadow-image\" >\r\n      <div class=\"featured-image\"><a data-size=\"700x700\" href=https:\/\/handrig.com\/wp-content\/uploads\/2021\/06\/workspace14.jpeg><img loading=\"lazy\" decoding=\"async\" width=\"700\" height=\"700\" src=\"https:\/\/handrig.com\/wp-content\/uploads\/2021\/06\/workspace14.jpeg\" class=\"attachment-full\" alt=\"\" title=\"workspace14\" srcset=\"https:\/\/handrigan.wpenginepowered.com\/wp-content\/uploads\/2021\/06\/workspace14.jpeg 700w, https:\/\/handrigan.wpenginepowered.com\/wp-content\/uploads\/2021\/06\/workspace14-300x300.jpeg 300w, https:\/\/handrigan.wpenginepowered.com\/wp-content\/uploads\/2021\/06\/workspace14-150x150.jpeg 150w, https:\/\/handrigan.wpenginepowered.com\/wp-content\/uploads\/2021\/06\/workspace14-320x320.jpeg 320w\" sizes=\"auto, (max-width: 700px) 100vw, 700px\" \/><\/a><\/div>\r\n    <\/div><\/div>\r\n            <\/section>\r\n            <\/div><style type=\"text\/css\"><\/style>[\/vc_column][\/vc_row][vc_row full_width=&#8221;stretch_row&#8221;][vc_column][vc_row_inner css=&#8221;.vc_custom_1542985901523{padding-top: 150px !important;padding-bottom: 100px !important;}&#8221;][vc_column_inner width=&#8221;1\/4&#8243;][\/vc_column_inner][vc_column_inner width=&#8221;1\/2&#8243;]<header class=\"kd-section-title col-lg-12 text-center  kd-animated fadeIn   vc_custom_1596221785879\" data-animation-delay=200><h2 class=\"separator_off\" >Vous r\u00e9fl\u00e9chissez \u00e0 vos prochaines \u00e9tapes?<\/h2><h6 class=\"subtitle \" >Demandez un appel de courtoisie de 30 minutes pour d\u00e9terminer s\u2019il s\u2019agit du bon moment pour commencer votre transformation op\u00e9rationnelle.<\/h6><\/header>[vc_empty_space height=&#8221;15px&#8221;]<a  href=\"https:\/\/handrigan.wpengine.com\/fr\/contact\/\"  target=\"_self\"  title=\"Des conseils professionnels et un encadrement de confiance\" class=\"tt_button tt_primary_button btn_primary_color  button-center button-action-link  kd-animated zoomIn\" data-animation-delay=200><span class=\"prim_text\">Discutons<\/span><\/a>[\/vc_column_inner][vc_column_inner width=&#8221;1\/4&#8243;][\/vc_column_inner][\/vc_row_inner][\/vc_column][\/vc_row]<\/p>\n<\/section>","protected":false},"excerpt":{"rendered":"<p>[vc_row full_width=&#8221;stretch_row&#8221; css=&#8221;.vc_custom_1591142673150{padding-top: 80px !important;padding-bottom: 100px !important;}&#8221;][vc_column css=&#8221;.vc_custom_1541586968176{padding-right: 40px !important;}&#8221; offset=&#8221;vc_col-lg-6&#8243;][vc_row_inner][vc_column_inner css=&#8221;.vc_custom_1541586958015{padding-right: 0px !important;padding-left: 0px [&hellip;]<\/p>\n","protected":false},"author":1,"featured_media":8084,"parent":0,"menu_order":0,"comment_status":"closed","ping_status":"closed","template":"","meta":{"footnotes":""},"class_list":["post-8081","page","type-page","status-publish","has-post-thumbnail","hentry"],"yoast_head":"<!-- This site is optimized with the Yoast SEO plugin v24.5 - https:\/\/yoast.com\/wordpress\/plugins\/seo\/ -->\n<title>Approche | Handrigan et Associ\u00e9s<\/title>\n<meta name=\"description\" content=\"Notre approche de services-conseils ax\u00e9s sur les relations est d\u00e9taill\u00e9e, pr\u00e9cise et objective. Ensemble, nous d\u00e9couvrirons ce qui est le plus important pour vous et votre entreprise.\" \/>\n<meta name=\"robots\" content=\"index, follow, max-snippet:-1, max-image-preview:large, max-video-preview:-1\" \/>\n<link rel=\"canonical\" href=\"https:\/\/handrig.com\/fr\/approche\/\" \/>\n<meta property=\"og:locale\" content=\"fr_FR\" \/>\n<meta property=\"og:type\" content=\"article\" \/>\n<meta property=\"og:title\" content=\"Approche | Handrigan et Associ\u00e9s\" \/>\n<meta property=\"og:description\" content=\"Notre approche de services-conseils ax\u00e9s sur les relations est d\u00e9taill\u00e9e, pr\u00e9cise et objective. Ensemble, nous d\u00e9couvrirons ce qui est le plus important pour vous et votre entreprise.\" \/>\n<meta property=\"og:url\" content=\"https:\/\/handrig.com\/fr\/approche\/\" \/>\n<meta property=\"og:site_name\" content=\"Handrigan et Associ\u00e9s\" \/>\n<meta property=\"article:modified_time\" content=\"2021-06-23T20:43:50+00:00\" \/>\n<meta property=\"og:image\" content=\"https:\/\/handrig.com\/wp-content\/uploads\/2020\/01\/TK-Handrigan-Maintenance.jpg\" \/>\n\t<meta property=\"og:image:width\" content=\"2302\" \/>\n\t<meta property=\"og:image:height\" content=\"1537\" \/>\n\t<meta property=\"og:image:type\" content=\"image\/jpeg\" \/>\n<meta name=\"twitter:card\" content=\"summary_large_image\" \/>\n<meta name=\"twitter:label1\" content=\"Dur\u00e9e de lecture estim\u00e9e\" \/>\n\t<meta name=\"twitter:data1\" content=\"4 minutes\" \/>\n<script type=\"application\/ld+json\" class=\"yoast-schema-graph\">{\"@context\":\"https:\/\/schema.org\",\"@graph\":[{\"@type\":\"WebPage\",\"@id\":\"https:\/\/handrig.com\/fr\/approche\/\",\"url\":\"https:\/\/handrig.com\/fr\/approche\/\",\"name\":\"Approche | Handrigan et Associ\u00e9s\",\"isPartOf\":{\"@id\":\"https:\/\/handrig.com\/fr\/#website\"},\"primaryImageOfPage\":{\"@id\":\"https:\/\/handrig.com\/fr\/approche\/#primaryimage\"},\"image\":{\"@id\":\"https:\/\/handrig.com\/fr\/approche\/#primaryimage\"},\"thumbnailUrl\":\"https:\/\/handrig.com\/wp-content\/uploads\/2020\/01\/TK-Handrigan-Maintenance.jpg\",\"datePublished\":\"2018-10-22T13:49:29+00:00\",\"dateModified\":\"2021-06-23T20:43:50+00:00\",\"description\":\"Notre approche de services-conseils ax\u00e9s sur les relations est d\u00e9taill\u00e9e, pr\u00e9cise et objective. Ensemble, nous d\u00e9couvrirons ce qui est le plus important pour vous et votre entreprise.\",\"breadcrumb\":{\"@id\":\"https:\/\/handrig.com\/fr\/approche\/#breadcrumb\"},\"inLanguage\":\"fr-FR\",\"potentialAction\":[{\"@type\":\"ReadAction\",\"target\":[\"https:\/\/handrig.com\/fr\/approche\/\"]}]},{\"@type\":\"ImageObject\",\"inLanguage\":\"fr-FR\",\"@id\":\"https:\/\/handrig.com\/fr\/approche\/#primaryimage\",\"url\":\"https:\/\/handrig.com\/wp-content\/uploads\/2020\/01\/TK-Handrigan-Maintenance.jpg\",\"contentUrl\":\"https:\/\/handrig.com\/wp-content\/uploads\/2020\/01\/TK-Handrigan-Maintenance.jpg\",\"width\":2302,\"height\":1537},{\"@type\":\"BreadcrumbList\",\"@id\":\"https:\/\/handrig.com\/fr\/approche\/#breadcrumb\",\"itemListElement\":[{\"@type\":\"ListItem\",\"position\":1,\"name\":\"Home\",\"item\":\"https:\/\/handrig.com\/fr\/\"},{\"@type\":\"ListItem\",\"position\":2,\"name\":\"Notre approche\"}]},{\"@type\":\"WebSite\",\"@id\":\"https:\/\/handrig.com\/fr\/#website\",\"url\":\"https:\/\/handrig.com\/fr\/\",\"name\":\"Handrigan et Associ\u00e9s\",\"description\":\"Conseil en transformation organisationnelle\",\"publisher\":{\"@id\":\"https:\/\/handrig.com\/fr\/#organization\"},\"potentialAction\":[{\"@type\":\"SearchAction\",\"target\":{\"@type\":\"EntryPoint\",\"urlTemplate\":\"https:\/\/handrig.com\/fr\/?s={search_term_string}\"},\"query-input\":{\"@type\":\"PropertyValueSpecification\",\"valueRequired\":true,\"valueName\":\"search_term_string\"}}],\"inLanguage\":\"fr-FR\"},{\"@type\":\"Organization\",\"@id\":\"https:\/\/handrig.com\/fr\/#organization\",\"name\":\"Handrigan et Associ\u00e9s\",\"url\":\"https:\/\/handrig.com\/fr\/\",\"logo\":{\"@type\":\"ImageObject\",\"inLanguage\":\"fr-FR\",\"@id\":\"https:\/\/handrig.com\/fr\/#\/schema\/logo\/image\/\",\"url\":\"https:\/\/handrig.com\/wp-content\/uploads\/2019\/12\/HAN-Logo-Icon-Light.png\",\"contentUrl\":\"https:\/\/handrig.com\/wp-content\/uploads\/2019\/12\/HAN-Logo-Icon-Light.png\",\"width\":145,\"height\":145,\"caption\":\"Handrigan et Associ\u00e9s\"},\"image\":{\"@id\":\"https:\/\/handrig.com\/fr\/#\/schema\/logo\/image\/\"}}]}<\/script>\n<!-- \/ Yoast SEO plugin. -->","yoast_head_json":{"title":"Approche | Handrigan et Associ\u00e9s","description":"Notre approche de services-conseils ax\u00e9s sur les relations est d\u00e9taill\u00e9e, pr\u00e9cise et objective. Ensemble, nous d\u00e9couvrirons ce qui est le plus important pour vous et votre entreprise.","robots":{"index":"index","follow":"follow","max-snippet":"max-snippet:-1","max-image-preview":"max-image-preview:large","max-video-preview":"max-video-preview:-1"},"canonical":"https:\/\/handrig.com\/fr\/approche\/","og_locale":"fr_FR","og_type":"article","og_title":"Approche | Handrigan et Associ\u00e9s","og_description":"Notre approche de services-conseils ax\u00e9s sur les relations est d\u00e9taill\u00e9e, pr\u00e9cise et objective. Ensemble, nous d\u00e9couvrirons ce qui est le plus important pour vous et votre entreprise.","og_url":"https:\/\/handrig.com\/fr\/approche\/","og_site_name":"Handrigan et Associ\u00e9s","article_modified_time":"2021-06-23T20:43:50+00:00","og_image":[{"width":2302,"height":1537,"url":"https:\/\/handrig.com\/wp-content\/uploads\/2020\/01\/TK-Handrigan-Maintenance.jpg","type":"image\/jpeg"}],"twitter_card":"summary_large_image","twitter_misc":{"Dur\u00e9e de lecture estim\u00e9e":"4 minutes"},"schema":{"@context":"https:\/\/schema.org","@graph":[{"@type":"WebPage","@id":"https:\/\/handrig.com\/fr\/approche\/","url":"https:\/\/handrig.com\/fr\/approche\/","name":"Approche | Handrigan et Associ\u00e9s","isPartOf":{"@id":"https:\/\/handrig.com\/fr\/#website"},"primaryImageOfPage":{"@id":"https:\/\/handrig.com\/fr\/approche\/#primaryimage"},"image":{"@id":"https:\/\/handrig.com\/fr\/approche\/#primaryimage"},"thumbnailUrl":"https:\/\/handrig.com\/wp-content\/uploads\/2020\/01\/TK-Handrigan-Maintenance.jpg","datePublished":"2018-10-22T13:49:29+00:00","dateModified":"2021-06-23T20:43:50+00:00","description":"Notre approche de services-conseils ax\u00e9s sur les relations est d\u00e9taill\u00e9e, pr\u00e9cise et objective. Ensemble, nous d\u00e9couvrirons ce qui est le plus important pour vous et votre entreprise.","breadcrumb":{"@id":"https:\/\/handrig.com\/fr\/approche\/#breadcrumb"},"inLanguage":"fr-FR","potentialAction":[{"@type":"ReadAction","target":["https:\/\/handrig.com\/fr\/approche\/"]}]},{"@type":"ImageObject","inLanguage":"fr-FR","@id":"https:\/\/handrig.com\/fr\/approche\/#primaryimage","url":"https:\/\/handrig.com\/wp-content\/uploads\/2020\/01\/TK-Handrigan-Maintenance.jpg","contentUrl":"https:\/\/handrig.com\/wp-content\/uploads\/2020\/01\/TK-Handrigan-Maintenance.jpg","width":2302,"height":1537},{"@type":"BreadcrumbList","@id":"https:\/\/handrig.com\/fr\/approche\/#breadcrumb","itemListElement":[{"@type":"ListItem","position":1,"name":"Home","item":"https:\/\/handrig.com\/fr\/"},{"@type":"ListItem","position":2,"name":"Notre approche"}]},{"@type":"WebSite","@id":"https:\/\/handrig.com\/fr\/#website","url":"https:\/\/handrig.com\/fr\/","name":"Handrigan et Associ\u00e9s","description":"Conseil en transformation organisationnelle","publisher":{"@id":"https:\/\/handrig.com\/fr\/#organization"},"potentialAction":[{"@type":"SearchAction","target":{"@type":"EntryPoint","urlTemplate":"https:\/\/handrig.com\/fr\/?s={search_term_string}"},"query-input":{"@type":"PropertyValueSpecification","valueRequired":true,"valueName":"search_term_string"}}],"inLanguage":"fr-FR"},{"@type":"Organization","@id":"https:\/\/handrig.com\/fr\/#organization","name":"Handrigan et Associ\u00e9s","url":"https:\/\/handrig.com\/fr\/","logo":{"@type":"ImageObject","inLanguage":"fr-FR","@id":"https:\/\/handrig.com\/fr\/#\/schema\/logo\/image\/","url":"https:\/\/handrig.com\/wp-content\/uploads\/2019\/12\/HAN-Logo-Icon-Light.png","contentUrl":"https:\/\/handrig.com\/wp-content\/uploads\/2019\/12\/HAN-Logo-Icon-Light.png","width":145,"height":145,"caption":"Handrigan et Associ\u00e9s"},"image":{"@id":"https:\/\/handrig.com\/fr\/#\/schema\/logo\/image\/"}}]}},"_links":{"self":[{"href":"https:\/\/handrig.com\/fr\/wp-json\/wp\/v2\/pages\/8081","targetHints":{"allow":["GET"]}}],"collection":[{"href":"https:\/\/handrig.com\/fr\/wp-json\/wp\/v2\/pages"}],"about":[{"href":"https:\/\/handrig.com\/fr\/wp-json\/wp\/v2\/types\/page"}],"author":[{"embeddable":true,"href":"https:\/\/handrig.com\/fr\/wp-json\/wp\/v2\/users\/1"}],"replies":[{"embeddable":true,"href":"https:\/\/handrig.com\/fr\/wp-json\/wp\/v2\/comments?post=8081"}],"version-history":[{"count":0,"href":"https:\/\/handrig.com\/fr\/wp-json\/wp\/v2\/pages\/8081\/revisions"}],"wp:featuredmedia":[{"embeddable":true,"href":"https:\/\/handrig.com\/fr\/wp-json\/wp\/v2\/media\/8084"}],"wp:attachment":[{"href":"https:\/\/handrig.com\/fr\/wp-json\/wp\/v2\/media?parent=8081"}],"curies":[{"name":"wp","href":"https:\/\/api.w.org\/{rel}","templated":true}]}}