{"id":8091,"date":"2020-06-19T15:30:27","date_gmt":"2020-06-19T15:30:27","guid":{"rendered":"https:\/\/handrigan.wpengine.com\/newsletter\/"},"modified":"2020-07-14T16:30:09","modified_gmt":"2020-07-14T16:30:09","slug":"newsletter","status":"publish","type":"page","link":"https:\/\/handrig.com\/fr\/newsletter\/","title":{"rendered":"Lettre d&#8217;information"},"content":{"rendered":"<section class=\"wpb-content-wrapper\"><p>[vc_row full_width=&#8221;stretch_row&#8221; css=&#8221;.vc_custom_1592580775283{background: #f5f5f5 url(https:\/\/handrigan.wpengine.com\/wp-content\/uploads\/2020\/01\/TK-Handrigan-Maintenance.jpg?id=7541) !important;}&#8221;][vc_column css=&#8221;.vc_custom_1540804453180{padding-right: 0px !important;}&#8221;][vc_row_inner css=&#8221;.vc_custom_1592580748963{padding-top: 200px !important;padding-bottom: 100px !important;}&#8221;][vc_column_inner width=&#8221;1\/4&#8243;][\/vc_column_inner][vc_column_inner width=&#8221;1\/2&#8243; css=&#8221;.vc_custom_1592582327087{padding-top: 56px !important;padding-right: 80px !important;padding-bottom: 35px !important;padding-left: 80px !important;background-color: #ffffff !important;border-radius: 5px !important;}&#8221; el_id=&#8221;contact-form-box&#8221;]<header class=\"kd-section-title col-lg-12 text-center  kd-animated fadeIn   vc_custom_1592580645099\" data-animation-delay=200><h2 class=\"separator_off\" >Abonnez-vous \u00e0 notre lettre d'information<\/h2><\/header>[vc_empty_space height=&#8221;10px&#8221;]<div class=\"kd-contact-form full-width-cf\" >\n<div class=\"wpcf7 no-js\" id=\"wpcf7-f4439-o1\" lang=\"en-US\" dir=\"ltr\" data-wpcf7-id=\"4439\">\n<div class=\"screen-reader-response\"><p role=\"status\" aria-live=\"polite\" aria-atomic=\"true\"><\/p> <ul><\/ul><\/div>\n<form action=\"\/fr\/wp-json\/wp\/v2\/pages\/8091#wpcf7-f4439-o1\" method=\"post\" class=\"wpcf7-form init\" aria-label=\"Contact form\" novalidate=\"novalidate\" data-status=\"init\">\n<div style=\"display: none;\">\n<input type=\"hidden\" name=\"_wpcf7\" value=\"4439\" \/>\n<input type=\"hidden\" name=\"_wpcf7_version\" value=\"6.0.4\" \/>\n<input type=\"hidden\" name=\"_wpcf7_locale\" value=\"en_US\" \/>\n<input type=\"hidden\" name=\"_wpcf7_unit_tag\" value=\"wpcf7-f4439-o1\" \/>\n<input type=\"hidden\" name=\"_wpcf7_container_post\" value=\"0\" \/>\n<input type=\"hidden\" name=\"_wpcf7_posted_data_hash\" value=\"\" \/>\n<input type=\"hidden\" name=\"_wpcf7_recaptcha_response\" value=\"\" \/>\n<\/div>\n<p><span class=\"wpcf7-form-control-wrap\" data-name=\"your-name\"><input size=\"40\" maxlength=\"400\" class=\"wpcf7-form-control wpcf7-text wpcf7-validates-as-required\" aria-required=\"true\" aria-invalid=\"false\" placeholder=\"Name\" value=\"\" type=\"text\" name=\"your-name\" \/><\/span><br \/>\n<span class=\"wpcf7-form-control-wrap\" data-name=\"your-email\"><input size=\"40\" maxlength=\"400\" class=\"wpcf7-form-control wpcf7-email wpcf7-validates-as-required wpcf7-text wpcf7-validates-as-email\" aria-required=\"true\" aria-invalid=\"false\" placeholder=\"Email\" value=\"\" type=\"email\" name=\"your-email\" \/><\/span><br \/>\n<span id=\"wpcf7-69e9e6a3e39b6-wrapper\" class=\"wpcf7-form-control-wrap email-wrap\" style=\"display:none !important; visibility:hidden !important;\"><label for=\"wpcf7-69e9e6a3e39b6-field\" class=\"hp-message\">Please leave this field empty.<\/label><input id=\"wpcf7-69e9e6a3e39b6-field\"  class=\"wpcf7-form-control wpcf7-text\" type=\"text\" name=\"email\" value=\"\" size=\"40\" tabindex=\"-1\" autocomplete=\"new-password\" \/><\/span><br \/>\n<input class=\"wpcf7-form-control wpcf7-submit has-spinner\" type=\"submit\" value=\"Get started\" \/>\n<\/p><p style=\"display: none !important;\" class=\"akismet-fields-container\" data-prefix=\"_wpcf7_ak_\"><label>&#916;<textarea name=\"_wpcf7_ak_hp_textarea\" cols=\"45\" rows=\"8\" maxlength=\"100\"><\/textarea><\/label><input type=\"hidden\" id=\"ak_js_1\" name=\"_wpcf7_ak_js\" value=\"29\"\/><script>document.getElementById( \"ak_js_1\" ).setAttribute( \"value\", ( new Date() ).getTime() );<\/script><\/p><div class=\"wpcf7-response-output\" aria-hidden=\"true\"><\/div>\n<\/form>\n<\/div>\n<\/div>[\/vc_column_inner][vc_column_inner width=&#8221;1\/4&#8243;][\/vc_column_inner][\/vc_row_inner][\/vc_column][\/vc_row]<\/p>\n<\/section>","protected":false},"excerpt":{"rendered":"<p>[vc_row full_width=&#8221;stretch_row&#8221; css=&#8221;.vc_custom_1592580775283{background: #f5f5f5 url(https:\/\/handrigan.wpengine.com\/wp-content\/uploads\/2020\/01\/TK-Handrigan-Maintenance.jpg?id=7541) !important;}&#8221;][vc_column css=&#8221;.vc_custom_1540804453180{padding-right: 0px !important;}&#8221;][vc_row_inner css=&#8221;.vc_custom_1592580748963{padding-top: 200px !important;padding-bottom: 100px !important;}&#8221;][vc_column_inner width=&#8221;1\/4&#8243;][\/vc_column_inner][vc_column_inner [&hellip;]<\/p>\n","protected":false},"author":1,"featured_media":0,"parent":0,"menu_order":0,"comment_status":"closed","ping_status":"closed","template":"","meta":{"footnotes":""},"class_list":["post-8091","page","type-page","status-publish","hentry"],"yoast_head":"<!-- This site is optimized with the Yoast SEO plugin v24.5 - https:\/\/yoast.com\/wordpress\/plugins\/seo\/ -->\n<title>Lettre d&#039;information - Handrigan et Associ\u00e9s<\/title>\n<meta name=\"robots\" content=\"index, follow, max-snippet:-1, max-image-preview:large, max-video-preview:-1\" \/>\n<link rel=\"canonical\" href=\"https:\/\/handrig.com\/fr\/newsletter\/\" \/>\n<meta property=\"og:locale\" content=\"fr_FR\" \/>\n<meta property=\"og:type\" content=\"article\" \/>\n<meta property=\"og:title\" content=\"Lettre d&#039;information - Handrigan et Associ\u00e9s\" \/>\n<meta property=\"og:description\" content=\"[vc_row full_width=&#8221;stretch_row&#8221; css=&#8221;.vc_custom_1592580775283{background: #f5f5f5 url(https:\/\/handrigan.wpengine.com\/wp-content\/uploads\/2020\/01\/TK-Handrigan-Maintenance.jpg?id=7541) !important;}&#8221;][vc_column css=&#8221;.vc_custom_1540804453180{padding-right: 0px !important;}&#8221;][vc_row_inner css=&#8221;.vc_custom_1592580748963{padding-top: 200px !important;padding-bottom: 100px !important;}&#8221;][vc_column_inner width=&#8221;1\/4&#8243;][\/vc_column_inner][vc_column_inner [&hellip;]\" \/>\n<meta property=\"og:url\" content=\"https:\/\/handrig.com\/fr\/newsletter\/\" \/>\n<meta property=\"og:site_name\" content=\"Handrigan et Associ\u00e9s\" \/>\n<meta property=\"article:modified_time\" content=\"2020-07-14T16:30:09+00:00\" \/>\n<meta name=\"twitter:card\" content=\"summary_large_image\" \/>\n<meta name=\"twitter:label1\" content=\"Dur\u00e9e de lecture estim\u00e9e\" \/>\n\t<meta name=\"twitter:data1\" content=\"1 minute\" \/>\n<script type=\"application\/ld+json\" class=\"yoast-schema-graph\">{\"@context\":\"https:\/\/schema.org\",\"@graph\":[{\"@type\":\"WebPage\",\"@id\":\"https:\/\/handrig.com\/fr\/newsletter\/\",\"url\":\"https:\/\/handrig.com\/fr\/newsletter\/\",\"name\":\"Lettre d'information - Handrigan et Associ\u00e9s\",\"isPartOf\":{\"@id\":\"https:\/\/handrig.com\/fr\/#website\"},\"datePublished\":\"2020-06-19T15:30:27+00:00\",\"dateModified\":\"2020-07-14T16:30:09+00:00\",\"breadcrumb\":{\"@id\":\"https:\/\/handrig.com\/fr\/newsletter\/#breadcrumb\"},\"inLanguage\":\"fr-FR\",\"potentialAction\":[{\"@type\":\"ReadAction\",\"target\":[\"https:\/\/handrig.com\/fr\/newsletter\/\"]}]},{\"@type\":\"BreadcrumbList\",\"@id\":\"https:\/\/handrig.com\/fr\/newsletter\/#breadcrumb\",\"itemListElement\":[{\"@type\":\"ListItem\",\"position\":1,\"name\":\"Home\",\"item\":\"https:\/\/handrig.com\/fr\/\"},{\"@type\":\"ListItem\",\"position\":2,\"name\":\"Lettre d&#8217;information\"}]},{\"@type\":\"WebSite\",\"@id\":\"https:\/\/handrig.com\/fr\/#website\",\"url\":\"https:\/\/handrig.com\/fr\/\",\"name\":\"Handrigan et Associ\u00e9s\",\"description\":\"Conseil en transformation organisationnelle\",\"publisher\":{\"@id\":\"https:\/\/handrig.com\/fr\/#organization\"},\"potentialAction\":[{\"@type\":\"SearchAction\",\"target\":{\"@type\":\"EntryPoint\",\"urlTemplate\":\"https:\/\/handrig.com\/fr\/?s={search_term_string}\"},\"query-input\":{\"@type\":\"PropertyValueSpecification\",\"valueRequired\":true,\"valueName\":\"search_term_string\"}}],\"inLanguage\":\"fr-FR\"},{\"@type\":\"Organization\",\"@id\":\"https:\/\/handrig.com\/fr\/#organization\",\"name\":\"Handrigan et Associ\u00e9s\",\"url\":\"https:\/\/handrig.com\/fr\/\",\"logo\":{\"@type\":\"ImageObject\",\"inLanguage\":\"fr-FR\",\"@id\":\"https:\/\/handrig.com\/fr\/#\/schema\/logo\/image\/\",\"url\":\"https:\/\/handrig.com\/wp-content\/uploads\/2019\/12\/HAN-Logo-Icon-Light.png\",\"contentUrl\":\"https:\/\/handrig.com\/wp-content\/uploads\/2019\/12\/HAN-Logo-Icon-Light.png\",\"width\":145,\"height\":145,\"caption\":\"Handrigan et Associ\u00e9s\"},\"image\":{\"@id\":\"https:\/\/handrig.com\/fr\/#\/schema\/logo\/image\/\"}}]}<\/script>\n<!-- \/ Yoast SEO plugin. -->","yoast_head_json":{"title":"Lettre d'information - Handrigan et Associ\u00e9s","robots":{"index":"index","follow":"follow","max-snippet":"max-snippet:-1","max-image-preview":"max-image-preview:large","max-video-preview":"max-video-preview:-1"},"canonical":"https:\/\/handrig.com\/fr\/newsletter\/","og_locale":"fr_FR","og_type":"article","og_title":"Lettre d'information - Handrigan et Associ\u00e9s","og_description":"[vc_row full_width=&#8221;stretch_row&#8221; css=&#8221;.vc_custom_1592580775283{background: #f5f5f5 url(https:\/\/handrigan.wpengine.com\/wp-content\/uploads\/2020\/01\/TK-Handrigan-Maintenance.jpg?id=7541) !important;}&#8221;][vc_column css=&#8221;.vc_custom_1540804453180{padding-right: 0px !important;}&#8221;][vc_row_inner css=&#8221;.vc_custom_1592580748963{padding-top: 200px !important;padding-bottom: 100px !important;}&#8221;][vc_column_inner width=&#8221;1\/4&#8243;][\/vc_column_inner][vc_column_inner [&hellip;]","og_url":"https:\/\/handrig.com\/fr\/newsletter\/","og_site_name":"Handrigan et Associ\u00e9s","article_modified_time":"2020-07-14T16:30:09+00:00","twitter_card":"summary_large_image","twitter_misc":{"Dur\u00e9e de lecture estim\u00e9e":"1 minute"},"schema":{"@context":"https:\/\/schema.org","@graph":[{"@type":"WebPage","@id":"https:\/\/handrig.com\/fr\/newsletter\/","url":"https:\/\/handrig.com\/fr\/newsletter\/","name":"Lettre d'information - Handrigan et Associ\u00e9s","isPartOf":{"@id":"https:\/\/handrig.com\/fr\/#website"},"datePublished":"2020-06-19T15:30:27+00:00","dateModified":"2020-07-14T16:30:09+00:00","breadcrumb":{"@id":"https:\/\/handrig.com\/fr\/newsletter\/#breadcrumb"},"inLanguage":"fr-FR","potentialAction":[{"@type":"ReadAction","target":["https:\/\/handrig.com\/fr\/newsletter\/"]}]},{"@type":"BreadcrumbList","@id":"https:\/\/handrig.com\/fr\/newsletter\/#breadcrumb","itemListElement":[{"@type":"ListItem","position":1,"name":"Home","item":"https:\/\/handrig.com\/fr\/"},{"@type":"ListItem","position":2,"name":"Lettre d&#8217;information"}]},{"@type":"WebSite","@id":"https:\/\/handrig.com\/fr\/#website","url":"https:\/\/handrig.com\/fr\/","name":"Handrigan et Associ\u00e9s","description":"Conseil en transformation organisationnelle","publisher":{"@id":"https:\/\/handrig.com\/fr\/#organization"},"potentialAction":[{"@type":"SearchAction","target":{"@type":"EntryPoint","urlTemplate":"https:\/\/handrig.com\/fr\/?s={search_term_string}"},"query-input":{"@type":"PropertyValueSpecification","valueRequired":true,"valueName":"search_term_string"}}],"inLanguage":"fr-FR"},{"@type":"Organization","@id":"https:\/\/handrig.com\/fr\/#organization","name":"Handrigan et Associ\u00e9s","url":"https:\/\/handrig.com\/fr\/","logo":{"@type":"ImageObject","inLanguage":"fr-FR","@id":"https:\/\/handrig.com\/fr\/#\/schema\/logo\/image\/","url":"https:\/\/handrig.com\/wp-content\/uploads\/2019\/12\/HAN-Logo-Icon-Light.png","contentUrl":"https:\/\/handrig.com\/wp-content\/uploads\/2019\/12\/HAN-Logo-Icon-Light.png","width":145,"height":145,"caption":"Handrigan et Associ\u00e9s"},"image":{"@id":"https:\/\/handrig.com\/fr\/#\/schema\/logo\/image\/"}}]}},"_links":{"self":[{"href":"https:\/\/handrig.com\/fr\/wp-json\/wp\/v2\/pages\/8091","targetHints":{"allow":["GET"]}}],"collection":[{"href":"https:\/\/handrig.com\/fr\/wp-json\/wp\/v2\/pages"}],"about":[{"href":"https:\/\/handrig.com\/fr\/wp-json\/wp\/v2\/types\/page"}],"author":[{"embeddable":true,"href":"https:\/\/handrig.com\/fr\/wp-json\/wp\/v2\/users\/1"}],"replies":[{"embeddable":true,"href":"https:\/\/handrig.com\/fr\/wp-json\/wp\/v2\/comments?post=8091"}],"version-history":[{"count":0,"href":"https:\/\/handrig.com\/fr\/wp-json\/wp\/v2\/pages\/8091\/revisions"}],"wp:attachment":[{"href":"https:\/\/handrig.com\/fr\/wp-json\/wp\/v2\/media?parent=8091"}],"curies":[{"name":"wp","href":"https:\/\/api.w.org\/{rel}","templated":true}]}}