{"id":8092,"date":"2020-06-13T07:47:04","date_gmt":"2020-06-13T07:47:04","guid":{"rendered":"https:\/\/handrigan.wpengine.com\/team\/"},"modified":"2020-08-13T13:53:26","modified_gmt":"2020-08-13T13:53:26","slug":"equipe","status":"publish","type":"page","link":"https:\/\/handrig.com\/fr\/equipe\/","title":{"rendered":"Notre \u00e9quipe"},"content":{"rendered":"<section class=\"wpb-content-wrapper\"><p>[vc_row full_width=&#8221;stretch_row&#8221; css=&#8221;.vc_custom_1539771905320{padding-top: 100px !important;padding-bottom: 80px !important;}&#8221;][vc_column css=&#8221;.vc_custom_1541586968176{padding-right: 40px !important;}&#8221; offset=&#8221;vc_col-lg-6&#8243;][vc_row_inner][vc_column_inner css=&#8221;.vc_custom_1541586958015{padding-right: 0px !important;padding-left: 0px !important;}&#8221;]<header class=\"kd-section-title col-lg-12 text-right  kd-animated fadeIn  \" data-animation-delay=200><h3 class=\"separator_off\" >Nous int\u00e9grons notre approche ax\u00e9e sur les relations dans tous les aspects de notre entreprise.<\/h3><\/header>[\/vc_column_inner][\/vc_row_inner][\/vc_column][vc_column css=&#8221;.vc_custom_1541586975592{padding-left: 40px !important;}&#8221; offset=&#8221;vc_col-lg-6&#8243;][vc_custom_heading text=&#8221;L\u2019\u00e9quipe de Handrigan et Associ\u00e9s s\u2019engage \u00e0 partager ses connaissances \u00e0 chaque \u00e9tape de la transformation op\u00e9rationnelle.&#8221; font_container=&#8221;tag:p|font_size:18|text_align:left|line_height:1.6&#8243; use_theme_fonts=&#8221;yes&#8221; css_animation=&#8221;fadeIn&#8221; css=&#8221;.vc_custom_1592035215742{margin-top: 5px !important;}&#8221;][vc_column_text]L\u2019\u00e9quipe de Handrigan et Associ\u00e9s s\u2019engage \u00e0 partager ses connaissances \u00e0 chaque \u00e9tape du processus de \u00a0transformation op\u00e9rationnelle. En s\u2019appuyant sur l\u2019expertise de Susan, chaque conseiller de notre r\u00e9seau mondial apporte de nouvelles comp\u00e9tences et exp\u00e9riences, cr\u00e9ant ainsi une puissante \u00e9quipe de conseillers qui se consacre \u00e0 appuyer et \u00e0 habiliter ses clients par le biais de services tels que :<\/p>\n<ul>\n<li>la comptabilit\u00e9<\/li>\n<li>la planification fiscale<\/li>\n<li>la consultation juridique<\/li>\n<li>les finances<\/li>\n<li>l\u2019assurance<\/li>\n<li>la confiance<\/li>\n<\/ul>\n<p>[\/vc_column_text][\/vc_column][\/vc_row][vc_row full_width=&#8221;stretch_row&#8221; css=&#8221;.vc_custom_1515593633102{padding-top: 100px !important;padding-bottom: 100px !important;}&#8221;][vc_column width=&#8221;1\/2&#8243; offset=&#8221;vc_col-lg-6 vc_col-md-12&#8243;][vc_row_inner css=&#8221;.vc_custom_1522314825805{padding-left: 0px !important;}&#8221;][vc_column_inner css=&#8221;.vc_custom_1541519966835{margin-bottom: 20px !important;padding-left: 0px !important;}&#8221; offset=&#8221;vc_col-lg-offset-0 vc_col-md-offset-1 vc_col-sm-offset-0&#8243;][vc_single_image image=&#8221;8047&#8243; img_size=&#8221;large&#8221; alignment=&#8221;center&#8221; css_animation=&#8221;fadeIn&#8221; css=&#8221;.vc_custom_1592577905852{margin-bottom: 0px !important;}&#8221;][\/vc_column_inner][\/vc_row_inner][\/vc_column][vc_column width=&#8221;1\/2&#8243; css=&#8221;.vc_custom_1539591979391{padding-left: 0px !important;}&#8221; offset=&#8221;vc_col-lg-6 vc_col-md-12&#8243;][vc_row_inner css=&#8221;.vc_custom_1539591907369{margin-top: 30px !important;}&#8221;][vc_column_inner width=&#8221;5\/6&#8243; css=&#8221;.vc_custom_1541520012278{padding-right: 0px !important;padding-left: 0px !important;}&#8221; offset=&#8221;vc_col-lg-offset-0 vc_col-lg-10 vc_col-md-offset-1 vc_col-md-10 vc_col-sm-offset-0&#8243;]<header class=\"kd-section-title col-lg-12 text-left  kd-animated fadeIn  \" data-animation-delay=200><h2 class=\"separator_off\" >Susan Handrigan<\/h2><h6 class=\"subtitle \" >Fondatrice<\/h6><\/header>[\/vc_column_inner][vc_column_inner width=&#8221;1\/6&#8243; offset=&#8221;vc_hidden-md vc_hidden-sm vc_hidden-xs&#8221;][\/vc_column_inner][\/vc_row_inner][vc_row_inner css=&#8221;.vc_custom_1513613877158{margin-top: 10px !important;margin-bottom: 35px !important;}&#8221;][vc_column_inner css=&#8221;.vc_custom_1592035137047{padding-left: 0px !important;}&#8221; offset=&#8221;vc_col-lg-offset-0 vc_col-md-offset-1 vc_col-xs-12&#8243;][vc_column_text css_animation=&#8221;fadeIn&#8221;]Susan Handrigan est une dirigeante dynamique dot\u00e9e de valeurs solides et d\u2019un large \u00e9ventail d\u2019exp\u00e9riences et de connaissances concernant le monde des affaires. Elle a notamment une expertise aiguis\u00e9e du \u00a0domaine des finances, des fusions et acquisitions, du leadership et de la gestion du changement. Aujourd\u2019hui, Susan utilise cette exp\u00e9rience pour apprendre \u00e0 connaitre de fa\u00e7on approfondie les entrepreneurs et les entreprises qu\u2019elle sert.<\/p>\n<p>D\u00e8s son plus jeune \u00e2ge, elle a appris la valeur de l\u2019apprentissage constant. Ses \u00e9tudes en \u00e9conomie appliqu\u00e9e et en math\u00e9matiques \u00e0 l\u2019Universit\u00e9 Queen\u2019s, ainsi que son exp\u00e9rience pratique acquise en si\u00e9geant sur plusieurs conseils d\u2019administration dans les secteurs priv\u00e9s et publics \u2013 ainsi que le fait qu\u2019elle a \u00e9t\u00e9 expos\u00e9e au domaine financier au niveau international \u2013 sont quelques-uns des \u00e9l\u00e9ments qui la distingue dans un monde professionnel comp\u00e9titif.<\/p>\n<p>Tout au long de sa carri\u00e8re, \u00e0 travers laquelle elle a occup\u00e9 de nombreux poste \u00e0 la vice-pr\u00e9sidence des institutions financi\u00e8res canadiennes\u00a0 les plus importantes \u00a0Susan a toujours accord\u00e9 la priorit\u00e9 \u00e0 deux r\u00f4les\u00a0: celui de professionnelle et celui de parent. Elle maintient un \u00e9quilibre sain entre les deux, tout en cultivant son expertise aiguis\u00e9e et en consacrant du temps \u00e0 des projets ax\u00e9s sur la communaut\u00e9.<\/p>\n<p>Susan se passionne pour l\u2019\u00e9galit\u00e9 des genres, en soutenant les femmes entrepreneures, les jeunes filles dans le sport, la sant\u00e9 mentale et les initiatives men\u00e9es par des jeunes. Susan est l\u2019actuelle pr\u00e9sidente et directrice g\u00e9n\u00e9rale de Jeunesse Canada Monde, un fournisseur de programmes de volontariat international de renomm\u00e9e mondiale, qui se consacre \u00e0 inspirer les agents de changement.<\/p>\n<p>Elle est \u00e9galement la co-fondatrice de la fondation Head2Core, une organisation qui d\u00e9fend la sant\u00e9 mentale par le sport.[\/vc_column_text]<a  href=\"https:\/\/www.linkedin.com\/in\/susanhandrigan\/\"  target=\"_blank\"  title=\"\" class=\"tt_button tt_secondary_button btn_primary_color  pull-left button-action-link  kd-animated zoomIn\" data-animation-delay=200><span class=\"prim_text\">Se connecter sur LinkedIn<\/span><\/a>[\/vc_column_inner][\/vc_row_inner][\/vc_column][\/vc_row][vc_row full_width=&#8221;stretch_row&#8221; css=&#8221;.vc_custom_1540818004814{background: #1a1a1a url(https:\/\/www.ekko-wp.com\/static\/wp-content\/uploads\/sites\/3\/2018\/10\/parallax.jpg) !important;}&#8221;][vc_column css=&#8221;.vc_custom_1516029053237{padding-right: 0px !important;padding-left: 0px !important;}&#8221;][vc_row_inner css=&#8221;.vc_custom_1516030039209{padding-top: 100px !important;padding-bottom: 80px !important;}&#8221;][vc_column_inner css=&#8221;.vc_custom_1516029059685{padding-right: 0px !important;padding-left: 0px !important;}&#8221;]<div class=\"slider testimonials white-navigation kd-testimonial-69f1b8d5ec304  without-image\" ><div class=\"tt-content \">\n              <div class=\"tt-content-inner\">\n                <div class=\"tt-container\" style=\"color: #ffffff; \">\n                    <h6 style=\"color: #ffffff; \"\">\u00ab\u2009Les connaissances financi\u00e8res de Susan sont ind\u00e9niables, mais ce qui m\u2019a toujours impressionn\u00e9, c\u2019est sa capacit\u00e9 de comprendre notre mod\u00e8le d\u2019affaires et d\u2019influencer notre orientation. Ses points de vue et ses conseils sont tout aussi pr\u00e9cieux pour l\u2019\u00e9volution de notre entreprise qu\u2019ils le sont pour ma propre progression \u00e0 titre de gestionnaire.\u2009\u00bb<\/h6>\n                    <span class=\"author\" style=\"color: #ffffff;\">St\u00e9phen Bouchard<\/span>\n                    <span class=\"content\" style=\"color: #ffffff;\">Pr\u00e9sident, Labelink<\/span>\n                <\/div>\n                <div class=\"tt-image\"><\/div>\n                <\/div>\n            <\/div><\/div><script type=\"text\/javascript\">\n              jQuery(document).ready(function($){\n                if ($(\".slider.testimonials.kd-testimonial-69f1b8d5ec304\").length) {\n                  $(\".slider.testimonials.kd-testimonial-69f1b8d5ec304\").owlCarousel({\n                    stageClass: \"owl-wrapper\",\n                    stageOuterClass: \"owl-wrapper-outer\",\n                    loadedClass: \"owl-carousel\",\n                    responsive:{\n                        0:{\n                            dots: false,\n                            nav: true,\n                            navSpeed: 500,\n                        },\n                        960:{\nnav: true,\n                              navSpeed: 500,\n                              dots: true,\n                              dotsSpeed: 500,\n                              dotsEach: true,}\n                    },\n                    items: 1,\n                    rewind: true,\n                    loop: true,autoplay: false,autoplayHoverPause: false,\n                  });\n                }\n              });\n            <\/script>[\/vc_column_inner][\/vc_row_inner][\/vc_column][\/vc_row][vc_row css=&#8221;.vc_custom_1592578173589{padding-top: 100px !important;}&#8221;][vc_column]<header class=\"kd-section-title vc_col-lg-6 vc_col-sm-8 text-center     vc_custom_1592578069115\" ><h2 class=\"separator_off\" >\u00c0 propos de nos conseillers<\/h2><h6 class=\"subtitle \" >Nos conseillers sont des sp\u00e9cialistes hautement exp\u00e9riment\u00e9s pr\u00eats \u00e0 vous aider \u00e0 chaque \u00e9tape du cycle de vie de votre entreprise.<\/h6><\/header>[\/vc_column][\/vc_row][vc_row full_width=&#8221;stretch_row&#8221; css=&#8221;.vc_custom_1515593633102{padding-top: 100px !important;padding-bottom: 100px !important;}&#8221;][vc_column width=&#8221;1\/2&#8243; offset=&#8221;vc_col-lg-6 vc_col-md-12&#8243;][vc_row_inner css=&#8221;.vc_custom_1539591907369{margin-top: 30px !important;}&#8221;][vc_column_inner css=&#8221;.vc_custom_1541520012278{padding-right: 0px !important;padding-left: 0px !important;}&#8221; offset=&#8221;vc_col-lg-offset-0 vc_col-lg-10 vc_col-md-offset-1 vc_col-md-10 vc_col-sm-offset-0&#8243;]<header class=\"kd-section-title col-lg-12 text-left  kd-animated fadeIn  \" data-animation-delay=200><h2 class=\"separator_off\" >John Giove, CPA, CA<\/h2><h6 class=\"subtitle \" >Conseiller principal<\/h6><\/header>[\/vc_column_inner][\/vc_row_inner][vc_row_inner css=&#8221;.vc_custom_1513613877158{margin-top: 10px !important;margin-bottom: 35px !important;}&#8221;][vc_column_inner css=&#8221;.vc_custom_1592035137047{padding-left: 0px !important;}&#8221; offset=&#8221;vc_col-lg-offset-0 vc_col-md-offset-1 vc_col-xs-12&#8243;][vc_column_text css_animation=&#8221;fadeIn&#8221; css=&#8221;.vc_custom_1596222020090{padding-bottom: 10px !important;}&#8221;]John Giove est comptable agr\u00e9e et cumule 25\u00a0ans d\u2019exp\u00e9rience dans divers secteurs d\u2019activit\u00e9 \u2013 principalement dans les biens de consommation \u2013 en tant que directeur financier et propri\u00e9taire-exploitant. De plus, il poss\u00e8de 15\u00a0ann\u00e9es d\u2019exp\u00e9rience en expertise comptable et en consultation de redressement d\u2019entreprise. En mettant en \u0153uvre son sens des affaires et son expertise en mati\u00e8re de gestion, John a \u00e9t\u00e9 un jouer cl\u00e9 dans la vente et acquisition de plusieurs entreprises en difficult\u00e9 financi\u00e8re avec un financement limit\u00e9.<\/p>\n<p>Domaines d\u2019expertise et r\u00e9alisations :<\/p>\n<ul>\n<li>Diagnostic approfondi des entreprises afin de \u00a0structurer des mod\u00e8les d\u2019entreprise adapt\u00e9s<\/li>\n<li>\u00c9valuation du capital humain et alignement ad\u00e9quat du personnel<\/li>\n<li>Capacit\u00e9 \u00e0 mettre en \u0153uvre rapidement des syst\u00e8mes de gestion de l\u2019information? personnalis\u00e9s<\/li>\n<li>Compr\u00e9hension des besoins pour la recherche et le d\u00e9veloppement continu afin de combler les futurs besoins de croissance de l\u2019entreprise<\/li>\n<li>Gestion de plusieurs entreprises en tant que directeur de l\u2019exploitation et supervision des op\u00e9rations de fabrication et de vente<\/li>\n<li>Mise en place de syst\u00e8mes d\u2019information comptable adapt\u00e9s au mod\u00e8le d\u2019entreprise \u00a0\u00e9valuant quotidiennement \u00a0les pertes et les profits<\/li>\n<\/ul>\n<p>[\/vc_column_text][vc_empty_space height=&#8221;25px&#8221;]<a  href=\"https:\/\/ca.linkedin.com\/in\/john-giove-cpa-ca-35165910b\"  target=\"_blank\"  title=\"\" class=\"tt_button tt_secondary_button btn_primary_color  pull-left button-action-link  kd-animated zoomIn\" data-animation-delay=200><span class=\"prim_text\">Se connecter sur LinkedIn<\/span><\/a>[\/vc_column_inner][\/vc_row_inner][\/vc_column][vc_column width=&#8221;1\/2&#8243; css=&#8221;.vc_custom_1539591979391{padding-left: 0px !important;}&#8221; offset=&#8221;vc_col-lg-6 vc_col-md-12&#8243;][vc_row_inner css=&#8221;.vc_custom_1522314825805{padding-left: 0px !important;}&#8221;][vc_column_inner css=&#8221;.vc_custom_1541519966835{margin-bottom: 20px !important;padding-left: 0px !important;}&#8221; offset=&#8221;vc_col-lg-offset-0 vc_col-md-offset-1 vc_col-sm-offset-0&#8243;][vc_single_image image=&#8221;8093&#8243; img_size=&#8221;large&#8221; alignment=&#8221;center&#8221; css_animation=&#8221;fadeIn&#8221; css=&#8221;.vc_custom_1592580157647{margin-bottom: 0px !important;}&#8221;][\/vc_column_inner][\/vc_row_inner][\/vc_column][\/vc_row][vc_row full_width=&#8221;stretch_row&#8221; css=&#8221;.vc_custom_1540818004814{background: #1a1a1a url(https:\/\/www.ekko-wp.com\/static\/wp-content\/uploads\/sites\/3\/2018\/10\/parallax.jpg) !important;}&#8221;][vc_column css=&#8221;.vc_custom_1516029053237{padding-right: 0px !important;padding-left: 0px !important;}&#8221;]<div class=\"kd-calltoaction no_icon \" >\n                <div class=\"container\">\n                  <div class=\"cta-text-container \" ><div class=\"cta-text\">\n                        <h3 style=\"color: #ffffff;\">Commencez votre parcours avec nos conseillers de confiance d\u00e8s aujourd\u2019hui.<\/h3><p style=\"color: #ffffff;\">Demandez un appel de courtoisie de 30 minutes pour discuter des premi\u00e8res \u00e9tapes de la transformation organisationnelle.<\/p><\/div>\n                    <\/div>\n                    <div class=\"cta-btncontainer\"><a href=\"https:\/\/calendly.com\/handrigan\/call\" target=\"_blank\" title=\"\" class=\"tt_button tt_primary_button button-action-link btn_primary_color \" >Discutons<\/a><\/div>\n                <\/div>\n            <\/div>[\/vc_column][\/vc_row]<\/p>\n<\/section>","protected":false},"excerpt":{"rendered":"<p>[vc_row full_width=&#8221;stretch_row&#8221; css=&#8221;.vc_custom_1539771905320{padding-top: 100px !important;padding-bottom: 80px !important;}&#8221;][vc_column css=&#8221;.vc_custom_1541586968176{padding-right: 40px !important;}&#8221; offset=&#8221;vc_col-lg-6&#8243;][vc_row_inner][vc_column_inner css=&#8221;.vc_custom_1541586958015{padding-right: 0px !important;padding-left: 0px [&hellip;]<\/p>\n","protected":false},"author":1,"featured_media":8048,"parent":0,"menu_order":0,"comment_status":"closed","ping_status":"closed","template":"","meta":{"footnotes":""},"class_list":["post-8092","page","type-page","status-publish","has-post-thumbnail","hentry"],"yoast_head":"<!-- This site is optimized with the Yoast SEO plugin v24.5 - https:\/\/yoast.com\/wordpress\/plugins\/seo\/ -->\n<title>Notre \u00e9quipe | Handrigan &amp; Associates<\/title>\n<meta name=\"description\" content=\"Nous sommes bas\u00e9s \u00e0 Montr\u00e9al et nous travaillons \u00e0 l\u2019\u00e9chelle mondiale. Notre fondatrice et son r\u00e9seau de conseillers sp\u00e9cialis\u00e9s sont l\u00e0 pour vous aider \u00e0 traverser chaque \u00e9tape du cycle de vie de votre entreprise.\" \/>\n<meta name=\"robots\" content=\"index, follow, max-snippet:-1, max-image-preview:large, max-video-preview:-1\" \/>\n<link rel=\"canonical\" href=\"https:\/\/handrig.com\/fr\/equipe\/\" \/>\n<meta property=\"og:locale\" content=\"fr_FR\" \/>\n<meta property=\"og:type\" content=\"article\" \/>\n<meta property=\"og:title\" content=\"Notre \u00e9quipe | Handrigan &amp; Associates\" \/>\n<meta property=\"og:description\" content=\"Nous sommes bas\u00e9s \u00e0 Montr\u00e9al et nous travaillons \u00e0 l\u2019\u00e9chelle mondiale. Notre fondatrice et son r\u00e9seau de conseillers sp\u00e9cialis\u00e9s sont l\u00e0 pour vous aider \u00e0 traverser chaque \u00e9tape du cycle de vie de votre entreprise.\" \/>\n<meta property=\"og:url\" content=\"https:\/\/handrig.com\/fr\/equipe\/\" \/>\n<meta property=\"og:site_name\" content=\"Handrigan et Associ\u00e9s\" \/>\n<meta property=\"article:modified_time\" content=\"2020-08-13T13:53:26+00:00\" \/>\n<meta property=\"og:image\" content=\"https:\/\/handrig.com\/wp-content\/uploads\/2020\/01\/TK-Handrigan-Maintenance-1024x684.png\" \/>\n\t<meta property=\"og:image:width\" content=\"1024\" \/>\n\t<meta property=\"og:image:height\" content=\"684\" \/>\n\t<meta property=\"og:image:type\" content=\"image\/png\" \/>\n<meta name=\"twitter:card\" content=\"summary_large_image\" \/>\n<meta name=\"twitter:label1\" content=\"Dur\u00e9e de lecture estim\u00e9e\" \/>\n\t<meta name=\"twitter:data1\" content=\"8 minutes\" \/>\n<script type=\"application\/ld+json\" class=\"yoast-schema-graph\">{\"@context\":\"https:\/\/schema.org\",\"@graph\":[{\"@type\":\"WebPage\",\"@id\":\"https:\/\/handrig.com\/fr\/equipe\/\",\"url\":\"https:\/\/handrig.com\/fr\/equipe\/\",\"name\":\"Notre \u00e9quipe | Handrigan & Associates\",\"isPartOf\":{\"@id\":\"https:\/\/handrig.com\/fr\/#website\"},\"primaryImageOfPage\":{\"@id\":\"https:\/\/handrig.com\/fr\/equipe\/#primaryimage\"},\"image\":{\"@id\":\"https:\/\/handrig.com\/fr\/equipe\/#primaryimage\"},\"thumbnailUrl\":\"https:\/\/handrig.com\/wp-content\/uploads\/2020\/01\/TK-Handrigan-Maintenance.png\",\"datePublished\":\"2020-06-13T07:47:04+00:00\",\"dateModified\":\"2020-08-13T13:53:26+00:00\",\"description\":\"Nous sommes bas\u00e9s \u00e0 Montr\u00e9al et nous travaillons \u00e0 l\u2019\u00e9chelle mondiale. Notre fondatrice et son r\u00e9seau de conseillers sp\u00e9cialis\u00e9s sont l\u00e0 pour vous aider \u00e0 traverser chaque \u00e9tape du cycle de vie de votre entreprise.\",\"breadcrumb\":{\"@id\":\"https:\/\/handrig.com\/fr\/equipe\/#breadcrumb\"},\"inLanguage\":\"fr-FR\",\"potentialAction\":[{\"@type\":\"ReadAction\",\"target\":[\"https:\/\/handrig.com\/fr\/equipe\/\"]}]},{\"@type\":\"ImageObject\",\"inLanguage\":\"fr-FR\",\"@id\":\"https:\/\/handrig.com\/fr\/equipe\/#primaryimage\",\"url\":\"https:\/\/handrig.com\/wp-content\/uploads\/2020\/01\/TK-Handrigan-Maintenance.png\",\"contentUrl\":\"https:\/\/handrig.com\/wp-content\/uploads\/2020\/01\/TK-Handrigan-Maintenance.png\",\"width\":4603,\"height\":3073},{\"@type\":\"BreadcrumbList\",\"@id\":\"https:\/\/handrig.com\/fr\/equipe\/#breadcrumb\",\"itemListElement\":[{\"@type\":\"ListItem\",\"position\":1,\"name\":\"Home\",\"item\":\"https:\/\/handrig.com\/fr\/\"},{\"@type\":\"ListItem\",\"position\":2,\"name\":\"Notre \u00e9quipe\"}]},{\"@type\":\"WebSite\",\"@id\":\"https:\/\/handrig.com\/fr\/#website\",\"url\":\"https:\/\/handrig.com\/fr\/\",\"name\":\"Handrigan et Associ\u00e9s\",\"description\":\"Conseil en transformation organisationnelle\",\"publisher\":{\"@id\":\"https:\/\/handrig.com\/fr\/#organization\"},\"potentialAction\":[{\"@type\":\"SearchAction\",\"target\":{\"@type\":\"EntryPoint\",\"urlTemplate\":\"https:\/\/handrig.com\/fr\/?s={search_term_string}\"},\"query-input\":{\"@type\":\"PropertyValueSpecification\",\"valueRequired\":true,\"valueName\":\"search_term_string\"}}],\"inLanguage\":\"fr-FR\"},{\"@type\":\"Organization\",\"@id\":\"https:\/\/handrig.com\/fr\/#organization\",\"name\":\"Handrigan et Associ\u00e9s\",\"url\":\"https:\/\/handrig.com\/fr\/\",\"logo\":{\"@type\":\"ImageObject\",\"inLanguage\":\"fr-FR\",\"@id\":\"https:\/\/handrig.com\/fr\/#\/schema\/logo\/image\/\",\"url\":\"https:\/\/handrig.com\/wp-content\/uploads\/2019\/12\/HAN-Logo-Icon-Light.png\",\"contentUrl\":\"https:\/\/handrig.com\/wp-content\/uploads\/2019\/12\/HAN-Logo-Icon-Light.png\",\"width\":145,\"height\":145,\"caption\":\"Handrigan et Associ\u00e9s\"},\"image\":{\"@id\":\"https:\/\/handrig.com\/fr\/#\/schema\/logo\/image\/\"}}]}<\/script>\n<!-- \/ Yoast SEO plugin. -->","yoast_head_json":{"title":"Notre \u00e9quipe | Handrigan & Associates","description":"Nous sommes bas\u00e9s \u00e0 Montr\u00e9al et nous travaillons \u00e0 l\u2019\u00e9chelle mondiale. Notre fondatrice et son r\u00e9seau de conseillers sp\u00e9cialis\u00e9s sont l\u00e0 pour vous aider \u00e0 traverser chaque \u00e9tape du cycle de vie de votre entreprise.","robots":{"index":"index","follow":"follow","max-snippet":"max-snippet:-1","max-image-preview":"max-image-preview:large","max-video-preview":"max-video-preview:-1"},"canonical":"https:\/\/handrig.com\/fr\/equipe\/","og_locale":"fr_FR","og_type":"article","og_title":"Notre \u00e9quipe | Handrigan & Associates","og_description":"Nous sommes bas\u00e9s \u00e0 Montr\u00e9al et nous travaillons \u00e0 l\u2019\u00e9chelle mondiale. Notre fondatrice et son r\u00e9seau de conseillers sp\u00e9cialis\u00e9s sont l\u00e0 pour vous aider \u00e0 traverser chaque \u00e9tape du cycle de vie de votre entreprise.","og_url":"https:\/\/handrig.com\/fr\/equipe\/","og_site_name":"Handrigan et Associ\u00e9s","article_modified_time":"2020-08-13T13:53:26+00:00","og_image":[{"width":1024,"height":684,"url":"https:\/\/handrig.com\/wp-content\/uploads\/2020\/01\/TK-Handrigan-Maintenance-1024x684.png","type":"image\/png"}],"twitter_card":"summary_large_image","twitter_misc":{"Dur\u00e9e de lecture estim\u00e9e":"8 minutes"},"schema":{"@context":"https:\/\/schema.org","@graph":[{"@type":"WebPage","@id":"https:\/\/handrig.com\/fr\/equipe\/","url":"https:\/\/handrig.com\/fr\/equipe\/","name":"Notre \u00e9quipe | Handrigan & Associates","isPartOf":{"@id":"https:\/\/handrig.com\/fr\/#website"},"primaryImageOfPage":{"@id":"https:\/\/handrig.com\/fr\/equipe\/#primaryimage"},"image":{"@id":"https:\/\/handrig.com\/fr\/equipe\/#primaryimage"},"thumbnailUrl":"https:\/\/handrig.com\/wp-content\/uploads\/2020\/01\/TK-Handrigan-Maintenance.png","datePublished":"2020-06-13T07:47:04+00:00","dateModified":"2020-08-13T13:53:26+00:00","description":"Nous sommes bas\u00e9s \u00e0 Montr\u00e9al et nous travaillons \u00e0 l\u2019\u00e9chelle mondiale. Notre fondatrice et son r\u00e9seau de conseillers sp\u00e9cialis\u00e9s sont l\u00e0 pour vous aider \u00e0 traverser chaque \u00e9tape du cycle de vie de votre entreprise.","breadcrumb":{"@id":"https:\/\/handrig.com\/fr\/equipe\/#breadcrumb"},"inLanguage":"fr-FR","potentialAction":[{"@type":"ReadAction","target":["https:\/\/handrig.com\/fr\/equipe\/"]}]},{"@type":"ImageObject","inLanguage":"fr-FR","@id":"https:\/\/handrig.com\/fr\/equipe\/#primaryimage","url":"https:\/\/handrig.com\/wp-content\/uploads\/2020\/01\/TK-Handrigan-Maintenance.png","contentUrl":"https:\/\/handrig.com\/wp-content\/uploads\/2020\/01\/TK-Handrigan-Maintenance.png","width":4603,"height":3073},{"@type":"BreadcrumbList","@id":"https:\/\/handrig.com\/fr\/equipe\/#breadcrumb","itemListElement":[{"@type":"ListItem","position":1,"name":"Home","item":"https:\/\/handrig.com\/fr\/"},{"@type":"ListItem","position":2,"name":"Notre \u00e9quipe"}]},{"@type":"WebSite","@id":"https:\/\/handrig.com\/fr\/#website","url":"https:\/\/handrig.com\/fr\/","name":"Handrigan et Associ\u00e9s","description":"Conseil en transformation organisationnelle","publisher":{"@id":"https:\/\/handrig.com\/fr\/#organization"},"potentialAction":[{"@type":"SearchAction","target":{"@type":"EntryPoint","urlTemplate":"https:\/\/handrig.com\/fr\/?s={search_term_string}"},"query-input":{"@type":"PropertyValueSpecification","valueRequired":true,"valueName":"search_term_string"}}],"inLanguage":"fr-FR"},{"@type":"Organization","@id":"https:\/\/handrig.com\/fr\/#organization","name":"Handrigan et Associ\u00e9s","url":"https:\/\/handrig.com\/fr\/","logo":{"@type":"ImageObject","inLanguage":"fr-FR","@id":"https:\/\/handrig.com\/fr\/#\/schema\/logo\/image\/","url":"https:\/\/handrig.com\/wp-content\/uploads\/2019\/12\/HAN-Logo-Icon-Light.png","contentUrl":"https:\/\/handrig.com\/wp-content\/uploads\/2019\/12\/HAN-Logo-Icon-Light.png","width":145,"height":145,"caption":"Handrigan et Associ\u00e9s"},"image":{"@id":"https:\/\/handrig.com\/fr\/#\/schema\/logo\/image\/"}}]}},"_links":{"self":[{"href":"https:\/\/handrig.com\/fr\/wp-json\/wp\/v2\/pages\/8092","targetHints":{"allow":["GET"]}}],"collection":[{"href":"https:\/\/handrig.com\/fr\/wp-json\/wp\/v2\/pages"}],"about":[{"href":"https:\/\/handrig.com\/fr\/wp-json\/wp\/v2\/types\/page"}],"author":[{"embeddable":true,"href":"https:\/\/handrig.com\/fr\/wp-json\/wp\/v2\/users\/1"}],"replies":[{"embeddable":true,"href":"https:\/\/handrig.com\/fr\/wp-json\/wp\/v2\/comments?post=8092"}],"version-history":[{"count":0,"href":"https:\/\/handrig.com\/fr\/wp-json\/wp\/v2\/pages\/8092\/revisions"}],"wp:featuredmedia":[{"embeddable":true,"href":"https:\/\/handrig.com\/fr\/wp-json\/wp\/v2\/media\/8048"}],"wp:attachment":[{"href":"https:\/\/handrig.com\/fr\/wp-json\/wp\/v2\/media?parent=8092"}],"curies":[{"name":"wp","href":"https:\/\/api.w.org\/{rel}","templated":true}]}}