{"id":8095,"date":"2020-03-26T16:11:38","date_gmt":"2020-03-26T16:11:38","guid":{"rendered":"https:\/\/handrigan.wpengine.com\/coming-soon\/"},"modified":"2020-07-14T04:30:26","modified_gmt":"2020-07-14T04:30:26","slug":"coming-soon","status":"publish","type":"page","link":"https:\/\/handrig.com\/fr\/coming-soon\/","title":{"rendered":"Bient\u00f4t en ligne &#8211; Handrigan et Associates"},"content":{"rendered":"<section class=\"wpb-content-wrapper\"><p>[vc_row full_width=&#8221;stretch_row&#8221; css=&#8221;.vc_custom_1540463068230{padding-top: 270px !important;padding-bottom: 200px !important;background: #f7f9fb url(https:\/\/www.ekko-wp.com\/static\/wp-content\/uploads\/sites\/3\/2018\/10\/intro-section2.jpg) !important;background-position: center !important;background-repeat: no-repeat !important;background-size: cover !important;}&#8221;][vc_column css=&#8221;.vc_custom_1513003956648{padding-top: 0px !important;}&#8221;][vc_row_inner][vc_column_inner width=&#8221;1\/6&#8243; css=&#8221;.vc_custom_1522312802853{padding-top: 50px !important;padding-left: 0px !important;}&#8221; offset=&#8221;vc_hidden-sm vc_hidden-xs&#8221;][\/vc_column_inner][vc_column_inner width=&#8221;2\/3&#8243; css=&#8221;.vc_custom_1540307305157{padding-right: 50px !important;padding-left: 50px !important;}&#8221; offset=&#8221;vc_col-lg-8 vc_col-md-12 vc_col-xs-12&#8243;]<div class=\"kd-text-rotator kd-rotatorid-69e077de8e22e text-center slow-text-rotator \"><div class=\"kd-text-rotator-container\"><h2 class=\"rotator-single kd-rotator-item-1 \" style=\" color: #ffffff; font-size: 42px;\">Take your business to the next level.<\/h2><h2 class=\"rotator-single kd-rotator-item-2 \" style=\" color: #ffffff; font-size: 42px;\">Whether you're in transition or looking for a transformation.<\/h2><h2 class=\"rotator-single kd-rotator-item-3 last\" style=\"transition: all 0.5s 5s; color: #ffffff; font-size: 42px;\">Handrigan & Associates is here for you.<\/h2><\/div><\/div>[vc_empty_space height=&#8221;10px&#8221;]<a  href=\"mailto: susan@handrig.com\"  target=\"_self\"  title=\"\" class=\"tt_button tt_primary_button btn_primary_color  button-center   kd-animated zoomIn\" data-animation-delay=200><span class=\"prim_text\">Nous joindre<\/span><\/a>[\/vc_column_inner][vc_column_inner width=&#8221;1\/6&#8243; offset=&#8221;vc_hidden-sm vc_hidden-xs&#8221;][\/vc_column_inner][\/vc_row_inner][\/vc_column][\/vc_row]<\/p>\n<\/section>","protected":false},"excerpt":{"rendered":"<p>[vc_row full_width=&#8221;stretch_row&#8221; css=&#8221;.vc_custom_1540463068230{padding-top: 270px !important;padding-bottom: 200px !important;background: #f7f9fb url(https:\/\/www.ekko-wp.com\/static\/wp-content\/uploads\/sites\/3\/2018\/10\/intro-section2.jpg) !important;background-position: center !important;background-repeat: no-repeat !important;background-size: cover [&hellip;]<\/p>\n","protected":false},"author":1,"featured_media":0,"parent":0,"menu_order":0,"comment_status":"closed","ping_status":"closed","template":"","meta":{"footnotes":""},"class_list":["post-8095","page","type-page","status-publish","hentry"],"yoast_head":"<!-- This site is optimized with the Yoast SEO plugin v24.5 - https:\/\/yoast.com\/wordpress\/plugins\/seo\/ -->\n<title>Bient\u00f4t en ligne - Handrigan et Associates - Handrigan et Associ\u00e9s<\/title>\n<meta name=\"robots\" content=\"index, follow, max-snippet:-1, max-image-preview:large, max-video-preview:-1\" \/>\n<link rel=\"canonical\" href=\"https:\/\/handrig.com\/fr\/coming-soon\/\" \/>\n<meta property=\"og:locale\" content=\"fr_FR\" \/>\n<meta property=\"og:type\" content=\"article\" \/>\n<meta property=\"og:title\" content=\"Bient\u00f4t en ligne - Handrigan et Associates - Handrigan et Associ\u00e9s\" \/>\n<meta property=\"og:description\" content=\"[vc_row full_width=&#8221;stretch_row&#8221; css=&#8221;.vc_custom_1540463068230{padding-top: 270px !important;padding-bottom: 200px !important;background: #f7f9fb url(https:\/\/www.ekko-wp.com\/static\/wp-content\/uploads\/sites\/3\/2018\/10\/intro-section2.jpg) !important;background-position: center !important;background-repeat: no-repeat !important;background-size: cover [&hellip;]\" \/>\n<meta property=\"og:url\" content=\"https:\/\/handrig.com\/fr\/coming-soon\/\" \/>\n<meta property=\"og:site_name\" content=\"Handrigan et Associ\u00e9s\" \/>\n<meta property=\"article:modified_time\" content=\"2020-07-14T04:30:26+00:00\" \/>\n<meta name=\"twitter:card\" content=\"summary_large_image\" \/>\n<meta name=\"twitter:label1\" content=\"Dur\u00e9e de lecture estim\u00e9e\" \/>\n\t<meta name=\"twitter:data1\" content=\"1 minute\" \/>\n<script type=\"application\/ld+json\" class=\"yoast-schema-graph\">{\"@context\":\"https:\/\/schema.org\",\"@graph\":[{\"@type\":\"WebPage\",\"@id\":\"https:\/\/handrig.com\/fr\/coming-soon\/\",\"url\":\"https:\/\/handrig.com\/fr\/coming-soon\/\",\"name\":\"Bient\u00f4t en ligne - Handrigan et Associates - Handrigan et Associ\u00e9s\",\"isPartOf\":{\"@id\":\"https:\/\/handrig.com\/fr\/#website\"},\"datePublished\":\"2020-03-26T16:11:38+00:00\",\"dateModified\":\"2020-07-14T04:30:26+00:00\",\"breadcrumb\":{\"@id\":\"https:\/\/handrig.com\/fr\/coming-soon\/#breadcrumb\"},\"inLanguage\":\"fr-FR\",\"potentialAction\":[{\"@type\":\"ReadAction\",\"target\":[\"https:\/\/handrig.com\/fr\/coming-soon\/\"]}]},{\"@type\":\"BreadcrumbList\",\"@id\":\"https:\/\/handrig.com\/fr\/coming-soon\/#breadcrumb\",\"itemListElement\":[{\"@type\":\"ListItem\",\"position\":1,\"name\":\"Home\",\"item\":\"https:\/\/handrig.com\/fr\/\"},{\"@type\":\"ListItem\",\"position\":2,\"name\":\"Bient\u00f4t en ligne &#8211; Handrigan et Associates\"}]},{\"@type\":\"WebSite\",\"@id\":\"https:\/\/handrig.com\/fr\/#website\",\"url\":\"https:\/\/handrig.com\/fr\/\",\"name\":\"Handrigan et Associ\u00e9s\",\"description\":\"Conseil en transformation organisationnelle\",\"publisher\":{\"@id\":\"https:\/\/handrig.com\/fr\/#organization\"},\"potentialAction\":[{\"@type\":\"SearchAction\",\"target\":{\"@type\":\"EntryPoint\",\"urlTemplate\":\"https:\/\/handrig.com\/fr\/?s={search_term_string}\"},\"query-input\":{\"@type\":\"PropertyValueSpecification\",\"valueRequired\":true,\"valueName\":\"search_term_string\"}}],\"inLanguage\":\"fr-FR\"},{\"@type\":\"Organization\",\"@id\":\"https:\/\/handrig.com\/fr\/#organization\",\"name\":\"Handrigan et Associ\u00e9s\",\"url\":\"https:\/\/handrig.com\/fr\/\",\"logo\":{\"@type\":\"ImageObject\",\"inLanguage\":\"fr-FR\",\"@id\":\"https:\/\/handrig.com\/fr\/#\/schema\/logo\/image\/\",\"url\":\"https:\/\/handrig.com\/wp-content\/uploads\/2019\/12\/HAN-Logo-Icon-Light.png\",\"contentUrl\":\"https:\/\/handrig.com\/wp-content\/uploads\/2019\/12\/HAN-Logo-Icon-Light.png\",\"width\":145,\"height\":145,\"caption\":\"Handrigan et Associ\u00e9s\"},\"image\":{\"@id\":\"https:\/\/handrig.com\/fr\/#\/schema\/logo\/image\/\"}}]}<\/script>\n<!-- \/ Yoast SEO plugin. -->","yoast_head_json":{"title":"Bient\u00f4t en ligne - Handrigan et Associates - Handrigan et Associ\u00e9s","robots":{"index":"index","follow":"follow","max-snippet":"max-snippet:-1","max-image-preview":"max-image-preview:large","max-video-preview":"max-video-preview:-1"},"canonical":"https:\/\/handrig.com\/fr\/coming-soon\/","og_locale":"fr_FR","og_type":"article","og_title":"Bient\u00f4t en ligne - Handrigan et Associates - Handrigan et Associ\u00e9s","og_description":"[vc_row full_width=&#8221;stretch_row&#8221; css=&#8221;.vc_custom_1540463068230{padding-top: 270px !important;padding-bottom: 200px !important;background: #f7f9fb url(https:\/\/www.ekko-wp.com\/static\/wp-content\/uploads\/sites\/3\/2018\/10\/intro-section2.jpg) !important;background-position: center !important;background-repeat: no-repeat !important;background-size: cover [&hellip;]","og_url":"https:\/\/handrig.com\/fr\/coming-soon\/","og_site_name":"Handrigan et Associ\u00e9s","article_modified_time":"2020-07-14T04:30:26+00:00","twitter_card":"summary_large_image","twitter_misc":{"Dur\u00e9e de lecture estim\u00e9e":"1 minute"},"schema":{"@context":"https:\/\/schema.org","@graph":[{"@type":"WebPage","@id":"https:\/\/handrig.com\/fr\/coming-soon\/","url":"https:\/\/handrig.com\/fr\/coming-soon\/","name":"Bient\u00f4t en ligne - Handrigan et Associates - Handrigan et Associ\u00e9s","isPartOf":{"@id":"https:\/\/handrig.com\/fr\/#website"},"datePublished":"2020-03-26T16:11:38+00:00","dateModified":"2020-07-14T04:30:26+00:00","breadcrumb":{"@id":"https:\/\/handrig.com\/fr\/coming-soon\/#breadcrumb"},"inLanguage":"fr-FR","potentialAction":[{"@type":"ReadAction","target":["https:\/\/handrig.com\/fr\/coming-soon\/"]}]},{"@type":"BreadcrumbList","@id":"https:\/\/handrig.com\/fr\/coming-soon\/#breadcrumb","itemListElement":[{"@type":"ListItem","position":1,"name":"Home","item":"https:\/\/handrig.com\/fr\/"},{"@type":"ListItem","position":2,"name":"Bient\u00f4t en ligne &#8211; Handrigan et Associates"}]},{"@type":"WebSite","@id":"https:\/\/handrig.com\/fr\/#website","url":"https:\/\/handrig.com\/fr\/","name":"Handrigan et Associ\u00e9s","description":"Conseil en transformation organisationnelle","publisher":{"@id":"https:\/\/handrig.com\/fr\/#organization"},"potentialAction":[{"@type":"SearchAction","target":{"@type":"EntryPoint","urlTemplate":"https:\/\/handrig.com\/fr\/?s={search_term_string}"},"query-input":{"@type":"PropertyValueSpecification","valueRequired":true,"valueName":"search_term_string"}}],"inLanguage":"fr-FR"},{"@type":"Organization","@id":"https:\/\/handrig.com\/fr\/#organization","name":"Handrigan et Associ\u00e9s","url":"https:\/\/handrig.com\/fr\/","logo":{"@type":"ImageObject","inLanguage":"fr-FR","@id":"https:\/\/handrig.com\/fr\/#\/schema\/logo\/image\/","url":"https:\/\/handrig.com\/wp-content\/uploads\/2019\/12\/HAN-Logo-Icon-Light.png","contentUrl":"https:\/\/handrig.com\/wp-content\/uploads\/2019\/12\/HAN-Logo-Icon-Light.png","width":145,"height":145,"caption":"Handrigan et Associ\u00e9s"},"image":{"@id":"https:\/\/handrig.com\/fr\/#\/schema\/logo\/image\/"}}]}},"_links":{"self":[{"href":"https:\/\/handrig.com\/fr\/wp-json\/wp\/v2\/pages\/8095","targetHints":{"allow":["GET"]}}],"collection":[{"href":"https:\/\/handrig.com\/fr\/wp-json\/wp\/v2\/pages"}],"about":[{"href":"https:\/\/handrig.com\/fr\/wp-json\/wp\/v2\/types\/page"}],"author":[{"embeddable":true,"href":"https:\/\/handrig.com\/fr\/wp-json\/wp\/v2\/users\/1"}],"replies":[{"embeddable":true,"href":"https:\/\/handrig.com\/fr\/wp-json\/wp\/v2\/comments?post=8095"}],"version-history":[{"count":0,"href":"https:\/\/handrig.com\/fr\/wp-json\/wp\/v2\/pages\/8095\/revisions"}],"wp:attachment":[{"href":"https:\/\/handrig.com\/fr\/wp-json\/wp\/v2\/media?parent=8095"}],"curies":[{"name":"wp","href":"https:\/\/api.w.org\/{rel}","templated":true}]}}