{"id":8102,"date":"2018-10-22T13:48:22","date_gmt":"2018-10-22T13:48:22","guid":{"rendered":"https:\/\/handrigan.wpengine.com\/contact\/"},"modified":"2020-08-13T13:54:02","modified_gmt":"2020-08-13T13:54:02","slug":"contact","status":"publish","type":"page","link":"https:\/\/handrig.com\/fr\/contact\/","title":{"rendered":"Des conseils professionnels et un encadrement de confiance"},"content":{"rendered":"<section class=\"wpb-content-wrapper\"><p>[vc_row full_width=&#8221;stretch_row&#8221; css=&#8221;.vc_custom_1591149977876{margin-top: -50px !important;padding-top: 100px !important;background-color: #f5f5f5 !important;}&#8221;][vc_column css=&#8221;.vc_custom_1516095665984{padding-right: 0px !important;padding-left: 0px !important;}&#8221;][vc_row_inner css=&#8221;.vc_custom_1556019873852{padding-bottom: 0px !important;}&#8221;][vc_column_inner width=&#8221;1\/2&#8243; css=&#8221;.vc_custom_1519832372870{padding-bottom: 100px !important;padding-left: 15px !important;}&#8221; offset=&#8221;vc_col-lg-6 vc_col-md-12&#8243;]<header class=\"kd-section-title col-lg-12 text-left    \" ><h2 class=\"separator_off\" >Handrigan et Associ\u00e9s a le privil\u00e8ge d\u2019\u00eatre \u00e9tabli \u00e0 Montr\u00e9al, QC et de servir des clients \u00e0 travers le monde.<\/h2><h6 class=\"subtitle \" >Un appel de courtoisie de 30 minutes peut r\u00e9pondre \u00e0 vos questions et vous aider \u00e0 d\u00e9marrer votre parcours de transformation op\u00e9rationnelle. Nous avons bien h\u00e2te d\u2019apprendre \u00e0 vous connaitre.<\/h6><\/header>[\/vc_column_inner][vc_column_inner width=&#8221;1\/2&#8243; css=&#8221;.vc_custom_1519832395134{padding-right: 15px !important;padding-bottom: 50px !important;padding-left: 80px !important;}&#8221; offset=&#8221;vc_col-lg-6 vc_col-md-12&#8243;]<header class=\"kd-section-title col-lg-12 text-left    \" ><h2 class=\"separator_off\" >Nous joindre<\/h2><\/header>[vc_empty_space height=&#8221;10px&#8221;]<div class=\"kd-contact-form full-width-cf white-input-bg\" >\n<div class=\"wpcf7 no-js\" id=\"wpcf7-f8457-o1\" lang=\"en-US\" dir=\"ltr\" data-wpcf7-id=\"8457\">\n<div class=\"screen-reader-response\"><p role=\"status\" aria-live=\"polite\" aria-atomic=\"true\"><\/p> <ul><\/ul><\/div>\n<form action=\"\/fr\/wp-json\/wp\/v2\/pages\/8102#wpcf7-f8457-o1\" method=\"post\" class=\"wpcf7-form init\" aria-label=\"Contact form\" novalidate=\"novalidate\" data-status=\"init\">\n<div style=\"display: none;\">\n<input type=\"hidden\" name=\"_wpcf7\" value=\"8457\" \/>\n<input type=\"hidden\" name=\"_wpcf7_version\" value=\"6.0.4\" \/>\n<input type=\"hidden\" name=\"_wpcf7_locale\" value=\"en_US\" \/>\n<input type=\"hidden\" name=\"_wpcf7_unit_tag\" value=\"wpcf7-f8457-o1\" \/>\n<input type=\"hidden\" name=\"_wpcf7_container_post\" value=\"0\" \/>\n<input type=\"hidden\" name=\"_wpcf7_posted_data_hash\" value=\"\" \/>\n<input type=\"hidden\" name=\"_wpcf7_recaptcha_response\" value=\"\" \/>\n<\/div>\n<p><span class=\"wpcf7-form-control-wrap\" data-name=\"your-name\"><input size=\"40\" maxlength=\"400\" class=\"wpcf7-form-control wpcf7-text wpcf7-validates-as-required\" aria-required=\"true\" aria-invalid=\"false\" placeholder=\"Votre nom\" value=\"\" type=\"text\" name=\"your-name\" \/><\/span><br \/>\n<span class=\"wpcf7-form-control-wrap\" data-name=\"your-email\"><input size=\"40\" maxlength=\"400\" class=\"wpcf7-form-control wpcf7-email wpcf7-validates-as-required wpcf7-text wpcf7-validates-as-email\" aria-required=\"true\" aria-invalid=\"false\" placeholder=\"Votre courriel\" value=\"\" type=\"email\" name=\"your-email\" \/><\/span><br \/>\n<span class=\"wpcf7-form-control-wrap\" data-name=\"your-message\"><textarea cols=\"40\" rows=\"10\" maxlength=\"2000\" class=\"wpcf7-form-control wpcf7-textarea\" aria-invalid=\"false\" placeholder=\"Votre message\" name=\"your-message\"><\/textarea><\/span><br \/>\n<span id=\"wpcf7-69f4603fa4792-wrapper\" class=\"wpcf7-form-control-wrap email-881-wrap\" style=\"display:none !important; visibility:hidden !important;\"><label for=\"wpcf7-69f4603fa4792-field\" class=\"hp-message\">Please leave this field empty.<\/label><input id=\"wpcf7-69f4603fa4792-field\"  class=\"wpcf7-form-control wpcf7-text\" type=\"text\" name=\"email-881\" value=\"\" size=\"40\" tabindex=\"-1\" autocomplete=\"new-password\" \/><\/span><br \/>\n<input class=\"wpcf7-form-control wpcf7-submit has-spinner\" type=\"submit\" value=\"Envoyer\" \/><br \/>\n<!-- Mailchimp for WordPress v4.10.1 - https:\/\/www.mc4wp.com\/ --><input type=\"hidden\" name=\"_mc4wp_subscribe_contact-form-7\" value=\"0\" \/><span class=\"mc4wp-checkbox mc4wp-checkbox-contact-form-7 \"><label><input type=\"checkbox\" name=\"_mc4wp_subscribe_contact-form-7\" value=\"1\" ><span>Sign me up for the newsletter!<\/span><\/label><\/span><!-- \/ Mailchimp for WordPress -->\n<\/p><p style=\"display: none !important;\" class=\"akismet-fields-container\" data-prefix=\"_wpcf7_ak_\"><label>&#916;<textarea name=\"_wpcf7_ak_hp_textarea\" cols=\"45\" rows=\"8\" maxlength=\"100\"><\/textarea><\/label><input type=\"hidden\" id=\"ak_js_1\" name=\"_wpcf7_ak_js\" value=\"52\"\/><script>document.getElementById( \"ak_js_1\" ).setAttribute( \"value\", ( new Date() ).getTime() );<\/script><\/p><div class=\"wpcf7-response-output\" aria-hidden=\"true\"><\/div>\n<\/form>\n<\/div>\n<\/div>[\/vc_column_inner][\/vc_row_inner][\/vc_column][\/vc_row]<\/p>\n<\/section>","protected":false},"excerpt":{"rendered":"<p>[vc_row full_width=&#8221;stretch_row&#8221; css=&#8221;.vc_custom_1591149977876{margin-top: -50px !important;padding-top: 100px !important;background-color: #f5f5f5 !important;}&#8221;][vc_column css=&#8221;.vc_custom_1516095665984{padding-right: 0px !important;padding-left: 0px !important;}&#8221;][vc_row_inner css=&#8221;.vc_custom_1556019873852{padding-bottom: [&hellip;]<\/p>\n","protected":false},"author":1,"featured_media":8048,"parent":0,"menu_order":0,"comment_status":"closed","ping_status":"closed","template":"","meta":{"footnotes":""},"class_list":["post-8102","page","type-page","status-publish","has-post-thumbnail","hentry"],"yoast_head":"<!-- This site is optimized with the Yoast SEO plugin v24.5 - https:\/\/yoast.com\/wordpress\/plugins\/seo\/ -->\n<title>Nous joindre | Handrigan et Associ\u00e9s<\/title>\n<meta name=\"description\" content=\"Communiquez avec notre \u00e9quipe pour en savoir plus sur l\u2019approche unique de Handrigan et Associ\u00e9s en mati\u00e8re de services-conseils. Planifiez votre appel de courtoisie de 30 minutes avec nous d\u00e8s aujourd\u2019hui.\" \/>\n<meta name=\"robots\" content=\"index, follow, max-snippet:-1, max-image-preview:large, max-video-preview:-1\" \/>\n<link rel=\"canonical\" href=\"https:\/\/handrig.com\/fr\/contact\/\" \/>\n<meta property=\"og:locale\" content=\"fr_FR\" \/>\n<meta property=\"og:type\" content=\"article\" \/>\n<meta property=\"og:title\" content=\"Nous joindre | Handrigan et Associ\u00e9s\" \/>\n<meta property=\"og:description\" content=\"Communiquez avec notre \u00e9quipe pour en savoir plus sur l\u2019approche unique de Handrigan et Associ\u00e9s en mati\u00e8re de services-conseils. Planifiez votre appel de courtoisie de 30 minutes avec nous d\u00e8s aujourd\u2019hui.\" \/>\n<meta property=\"og:url\" content=\"https:\/\/handrig.com\/fr\/contact\/\" \/>\n<meta property=\"og:site_name\" content=\"Handrigan et Associ\u00e9s\" \/>\n<meta property=\"article:modified_time\" content=\"2020-08-13T13:54:02+00:00\" \/>\n<meta property=\"og:image\" content=\"https:\/\/handrig.com\/wp-content\/uploads\/2020\/01\/TK-Handrigan-Maintenance-1024x684.png\" \/>\n\t<meta property=\"og:image:width\" content=\"1024\" \/>\n\t<meta property=\"og:image:height\" content=\"684\" \/>\n\t<meta property=\"og:image:type\" content=\"image\/png\" \/>\n<meta name=\"twitter:card\" content=\"summary_large_image\" \/>\n<meta name=\"twitter:label1\" content=\"Dur\u00e9e de lecture estim\u00e9e\" \/>\n\t<meta name=\"twitter:data1\" content=\"1 minute\" \/>\n<script type=\"application\/ld+json\" class=\"yoast-schema-graph\">{\"@context\":\"https:\/\/schema.org\",\"@graph\":[{\"@type\":\"WebPage\",\"@id\":\"https:\/\/handrig.com\/fr\/contact\/\",\"url\":\"https:\/\/handrig.com\/fr\/contact\/\",\"name\":\"Nous joindre | Handrigan et Associ\u00e9s\",\"isPartOf\":{\"@id\":\"https:\/\/handrig.com\/fr\/#website\"},\"primaryImageOfPage\":{\"@id\":\"https:\/\/handrig.com\/fr\/contact\/#primaryimage\"},\"image\":{\"@id\":\"https:\/\/handrig.com\/fr\/contact\/#primaryimage\"},\"thumbnailUrl\":\"https:\/\/handrig.com\/wp-content\/uploads\/2020\/01\/TK-Handrigan-Maintenance.png\",\"datePublished\":\"2018-10-22T13:48:22+00:00\",\"dateModified\":\"2020-08-13T13:54:02+00:00\",\"description\":\"Communiquez avec notre \u00e9quipe pour en savoir plus sur l\u2019approche unique de Handrigan et Associ\u00e9s en mati\u00e8re de services-conseils. Planifiez votre appel de courtoisie de 30 minutes avec nous d\u00e8s aujourd\u2019hui.\",\"breadcrumb\":{\"@id\":\"https:\/\/handrig.com\/fr\/contact\/#breadcrumb\"},\"inLanguage\":\"fr-FR\",\"potentialAction\":[{\"@type\":\"ReadAction\",\"target\":[\"https:\/\/handrig.com\/fr\/contact\/\"]}]},{\"@type\":\"ImageObject\",\"inLanguage\":\"fr-FR\",\"@id\":\"https:\/\/handrig.com\/fr\/contact\/#primaryimage\",\"url\":\"https:\/\/handrig.com\/wp-content\/uploads\/2020\/01\/TK-Handrigan-Maintenance.png\",\"contentUrl\":\"https:\/\/handrig.com\/wp-content\/uploads\/2020\/01\/TK-Handrigan-Maintenance.png\",\"width\":4603,\"height\":3073},{\"@type\":\"BreadcrumbList\",\"@id\":\"https:\/\/handrig.com\/fr\/contact\/#breadcrumb\",\"itemListElement\":[{\"@type\":\"ListItem\",\"position\":1,\"name\":\"Home\",\"item\":\"https:\/\/handrig.com\/fr\/\"},{\"@type\":\"ListItem\",\"position\":2,\"name\":\"Des conseils professionnels et un encadrement de confiance\"}]},{\"@type\":\"WebSite\",\"@id\":\"https:\/\/handrig.com\/fr\/#website\",\"url\":\"https:\/\/handrig.com\/fr\/\",\"name\":\"Handrigan et Associ\u00e9s\",\"description\":\"Conseil en transformation organisationnelle\",\"publisher\":{\"@id\":\"https:\/\/handrig.com\/fr\/#organization\"},\"potentialAction\":[{\"@type\":\"SearchAction\",\"target\":{\"@type\":\"EntryPoint\",\"urlTemplate\":\"https:\/\/handrig.com\/fr\/?s={search_term_string}\"},\"query-input\":{\"@type\":\"PropertyValueSpecification\",\"valueRequired\":true,\"valueName\":\"search_term_string\"}}],\"inLanguage\":\"fr-FR\"},{\"@type\":\"Organization\",\"@id\":\"https:\/\/handrig.com\/fr\/#organization\",\"name\":\"Handrigan et Associ\u00e9s\",\"url\":\"https:\/\/handrig.com\/fr\/\",\"logo\":{\"@type\":\"ImageObject\",\"inLanguage\":\"fr-FR\",\"@id\":\"https:\/\/handrig.com\/fr\/#\/schema\/logo\/image\/\",\"url\":\"https:\/\/handrig.com\/wp-content\/uploads\/2019\/12\/HAN-Logo-Icon-Light.png\",\"contentUrl\":\"https:\/\/handrig.com\/wp-content\/uploads\/2019\/12\/HAN-Logo-Icon-Light.png\",\"width\":145,\"height\":145,\"caption\":\"Handrigan et Associ\u00e9s\"},\"image\":{\"@id\":\"https:\/\/handrig.com\/fr\/#\/schema\/logo\/image\/\"}}]}<\/script>\n<!-- \/ Yoast SEO plugin. -->","yoast_head_json":{"title":"Nous joindre | Handrigan et Associ\u00e9s","description":"Communiquez avec notre \u00e9quipe pour en savoir plus sur l\u2019approche unique de Handrigan et Associ\u00e9s en mati\u00e8re de services-conseils. Planifiez votre appel de courtoisie de 30 minutes avec nous d\u00e8s aujourd\u2019hui.","robots":{"index":"index","follow":"follow","max-snippet":"max-snippet:-1","max-image-preview":"max-image-preview:large","max-video-preview":"max-video-preview:-1"},"canonical":"https:\/\/handrig.com\/fr\/contact\/","og_locale":"fr_FR","og_type":"article","og_title":"Nous joindre | Handrigan et Associ\u00e9s","og_description":"Communiquez avec notre \u00e9quipe pour en savoir plus sur l\u2019approche unique de Handrigan et Associ\u00e9s en mati\u00e8re de services-conseils. Planifiez votre appel de courtoisie de 30 minutes avec nous d\u00e8s aujourd\u2019hui.","og_url":"https:\/\/handrig.com\/fr\/contact\/","og_site_name":"Handrigan et Associ\u00e9s","article_modified_time":"2020-08-13T13:54:02+00:00","og_image":[{"width":1024,"height":684,"url":"https:\/\/handrig.com\/wp-content\/uploads\/2020\/01\/TK-Handrigan-Maintenance-1024x684.png","type":"image\/png"}],"twitter_card":"summary_large_image","twitter_misc":{"Dur\u00e9e de lecture estim\u00e9e":"1 minute"},"schema":{"@context":"https:\/\/schema.org","@graph":[{"@type":"WebPage","@id":"https:\/\/handrig.com\/fr\/contact\/","url":"https:\/\/handrig.com\/fr\/contact\/","name":"Nous joindre | Handrigan et Associ\u00e9s","isPartOf":{"@id":"https:\/\/handrig.com\/fr\/#website"},"primaryImageOfPage":{"@id":"https:\/\/handrig.com\/fr\/contact\/#primaryimage"},"image":{"@id":"https:\/\/handrig.com\/fr\/contact\/#primaryimage"},"thumbnailUrl":"https:\/\/handrig.com\/wp-content\/uploads\/2020\/01\/TK-Handrigan-Maintenance.png","datePublished":"2018-10-22T13:48:22+00:00","dateModified":"2020-08-13T13:54:02+00:00","description":"Communiquez avec notre \u00e9quipe pour en savoir plus sur l\u2019approche unique de Handrigan et Associ\u00e9s en mati\u00e8re de services-conseils. Planifiez votre appel de courtoisie de 30 minutes avec nous d\u00e8s aujourd\u2019hui.","breadcrumb":{"@id":"https:\/\/handrig.com\/fr\/contact\/#breadcrumb"},"inLanguage":"fr-FR","potentialAction":[{"@type":"ReadAction","target":["https:\/\/handrig.com\/fr\/contact\/"]}]},{"@type":"ImageObject","inLanguage":"fr-FR","@id":"https:\/\/handrig.com\/fr\/contact\/#primaryimage","url":"https:\/\/handrig.com\/wp-content\/uploads\/2020\/01\/TK-Handrigan-Maintenance.png","contentUrl":"https:\/\/handrig.com\/wp-content\/uploads\/2020\/01\/TK-Handrigan-Maintenance.png","width":4603,"height":3073},{"@type":"BreadcrumbList","@id":"https:\/\/handrig.com\/fr\/contact\/#breadcrumb","itemListElement":[{"@type":"ListItem","position":1,"name":"Home","item":"https:\/\/handrig.com\/fr\/"},{"@type":"ListItem","position":2,"name":"Des conseils professionnels et un encadrement de confiance"}]},{"@type":"WebSite","@id":"https:\/\/handrig.com\/fr\/#website","url":"https:\/\/handrig.com\/fr\/","name":"Handrigan et Associ\u00e9s","description":"Conseil en transformation organisationnelle","publisher":{"@id":"https:\/\/handrig.com\/fr\/#organization"},"potentialAction":[{"@type":"SearchAction","target":{"@type":"EntryPoint","urlTemplate":"https:\/\/handrig.com\/fr\/?s={search_term_string}"},"query-input":{"@type":"PropertyValueSpecification","valueRequired":true,"valueName":"search_term_string"}}],"inLanguage":"fr-FR"},{"@type":"Organization","@id":"https:\/\/handrig.com\/fr\/#organization","name":"Handrigan et Associ\u00e9s","url":"https:\/\/handrig.com\/fr\/","logo":{"@type":"ImageObject","inLanguage":"fr-FR","@id":"https:\/\/handrig.com\/fr\/#\/schema\/logo\/image\/","url":"https:\/\/handrig.com\/wp-content\/uploads\/2019\/12\/HAN-Logo-Icon-Light.png","contentUrl":"https:\/\/handrig.com\/wp-content\/uploads\/2019\/12\/HAN-Logo-Icon-Light.png","width":145,"height":145,"caption":"Handrigan et Associ\u00e9s"},"image":{"@id":"https:\/\/handrig.com\/fr\/#\/schema\/logo\/image\/"}}]}},"_links":{"self":[{"href":"https:\/\/handrig.com\/fr\/wp-json\/wp\/v2\/pages\/8102","targetHints":{"allow":["GET"]}}],"collection":[{"href":"https:\/\/handrig.com\/fr\/wp-json\/wp\/v2\/pages"}],"about":[{"href":"https:\/\/handrig.com\/fr\/wp-json\/wp\/v2\/types\/page"}],"author":[{"embeddable":true,"href":"https:\/\/handrig.com\/fr\/wp-json\/wp\/v2\/users\/1"}],"replies":[{"embeddable":true,"href":"https:\/\/handrig.com\/fr\/wp-json\/wp\/v2\/comments?post=8102"}],"version-history":[{"count":0,"href":"https:\/\/handrig.com\/fr\/wp-json\/wp\/v2\/pages\/8102\/revisions"}],"wp:featuredmedia":[{"embeddable":true,"href":"https:\/\/handrig.com\/fr\/wp-json\/wp\/v2\/media\/8048"}],"wp:attachment":[{"href":"https:\/\/handrig.com\/fr\/wp-json\/wp\/v2\/media?parent=8102"}],"curies":[{"name":"wp","href":"https:\/\/api.w.org\/{rel}","templated":true}]}}